{"id":107,"date":"2022-03-30T22:52:14","date_gmt":"2022-03-30T20:52:14","guid":{"rendered":"http:\/\/acriv.org\/WP\/?page_id=107"},"modified":"2025-08-21T11:53:18","modified_gmt":"2025-08-21T09:53:18","slug":"formation-ppl","status":"publish","type":"page","link":"https:\/\/acriv.org\/WP\/formation-ppl\/","title":{"rendered":"FORMATION PPL(A)"},"content":{"rendered":"\n<p>Cette Licence permet de voyager avec des passagers en tant que commandant de bord, sans r\u00e9mun\u00e9ration, en Europe et au-del\u00e0.<\/p>\n\n\n\n<p>Vous volerez sur avion monomoteur \u00e0 pistons en vol \u00e0 vue (VFR Visual Flight Rules)<\/p>\n\n\n\n<p>Le PPL est la premi\u00e8re \u00e9tape pour celles et ceux souhaitant poursuivre vers une carri\u00e8re professionnelle.<\/p>\n\n\n\n<p>La formation n\u00e9cessite&nbsp;:<\/p>\n\n\n\n<ul class=\"wp-block-list\">\n<li>D\u2019avoir au moins 17 ans le jour de l\u2019examen pratique et 16 ans pour les vols seuls \u00e0 bord (on peut commencer avant)<\/li>\n\n\n\n<li>Une formation th\u00e9orique sanctionn\u00e9e par un examen th\u00e9orique<\/li>\n\n\n\n<li>Une formation pratique, avec un instructeur qui vous suivra durant votre formation, de 45h minimums au cours desquels 10 heures seront r\u00e9alis\u00e9es seul \u00e0 bord.<\/li>\n\n\n\n<li>Un Certificat m\u00e9dical de \u00ab Classe 2 \u00bb sera exig\u00e9. Cette visite m\u00e9dicale est \u00e0 passer chez un m\u00e9decin agr\u00e9\u00e9 par la Direction G\u00e9n\u00e9rale de l\u2019Aviation Civile.<\/li>\n<\/ul>\n\n\n\n<p>La licence PPL en poche vous pourrez continuer \u00e0 progresser (via des compl\u00e9ments de formations) et d\u00e9couvrir&nbsp;:<\/p>\n\n\n\n<ul class=\"wp-block-list\">\n<li>Le vol de nuit*<\/li>\n\n\n\n<li>Le vol sur des avions \u00e0 train classique*<\/li>\n\n\n\n<li>Pratiquer la voltige a\u00e9rienne*<\/li>\n\n\n\n<li>Passer la comp\u00e9tence linguistique (FCL055) pour voyager \u00e0 l\u2019\u00e9tranger<\/li>\n\n\n\n<li>Faire du vols aux instruments (IR\u00a0: Instrument Rating)*<\/li>\n\n\n\n<li>Voler sur des avions multimoteurs ou des hydravions<\/li>\n\n\n\n<li>Le vol en montagne<\/li>\n<\/ul>\n\n\n\n<p>(*) Formations dispens\u00e9es par l\u2019ACRIV<\/p>\n\n\n<div class=\"wp-block-image\">\n<figure class=\"aligncenter size-full is-resized\"><a href=\"https:\/\/acriv.org\/WP\/devenir-pilote-ppla\/\" target=\"_blank\" rel=\"noreferrer noopener\"><img loading=\"lazy\" decoding=\"async\" width=\"344\" height=\"112\" src=\"https:\/\/acriv.org\/WP\/wp-content\/uploads\/2025\/08\/image-102.png\" alt=\"\" class=\"wp-image-2144\" style=\"width:299px;height:auto\" srcset=\"https:\/\/acriv.org\/WP\/wp-content\/uploads\/2025\/08\/image-102.png 344w, https:\/\/acriv.org\/WP\/wp-content\/uploads\/2025\/08\/image-102-300x98.png 300w, https:\/\/acriv.org\/WP\/wp-content\/uploads\/2025\/08\/image-102-310x101.png 310w, https:\/\/acriv.org\/WP\/wp-content\/uploads\/2025\/08\/image-102-150x49.png 150w\" sizes=\"auto, (max-width: 344px) 100vw, 344px\" \/><\/a><\/figure>\n<\/div>","protected":false},"excerpt":{"rendered":"<p>Cette Licence permet de voyager avec des passagers en tant que commandant de bord, sans r\u00e9mun\u00e9ration, en Europe et au-del\u00e0. Vous volerez sur avion monomoteur \u00e0 pistons en vol \u00e0 vue (VFR Visual Flight Rules) Le PPL est la premi\u00e8re \u00e9tape pour celles et ceux souhaitant poursuivre vers une carri\u00e8re professionnelle. La formation n\u00e9cessite&nbsp;: La licence PPL en poche vous<\/p>\n<p><a class=\"more-link\" href=\"https:\/\/acriv.org\/WP\/formation-ppl\/\">Read More<\/a><\/p>\n","protected":false},"author":1,"featured_media":0,"parent":0,"menu_order":0,"comment_status":"closed","ping_status":"closed","template":"","meta":{"footnotes":""},"class_list":["post-107","page","type-page","status-publish","hentry"],"jetpack_sharing_enabled":true,"_links":{"self":[{"href":"https:\/\/acriv.org\/WP\/wp-json\/wp\/v2\/pages\/107","targetHints":{"allow":["GET"]}}],"collection":[{"href":"https:\/\/acriv.org\/WP\/wp-json\/wp\/v2\/pages"}],"about":[{"href":"https:\/\/acriv.org\/WP\/wp-json\/wp\/v2\/types\/page"}],"author":[{"embeddable":true,"href":"https:\/\/acriv.org\/WP\/wp-json\/wp\/v2\/users\/1"}],"replies":[{"embeddable":true,"href":"https:\/\/acriv.org\/WP\/wp-json\/wp\/v2\/comments?post=107"}],"version-history":[{"count":6,"href":"https:\/\/acriv.org\/WP\/wp-json\/wp\/v2\/pages\/107\/revisions"}],"predecessor-version":[{"id":2147,"href":"https:\/\/acriv.org\/WP\/wp-json\/wp\/v2\/pages\/107\/revisions\/2147"}],"wp:attachment":[{"href":"https:\/\/acriv.org\/WP\/wp-json\/wp\/v2\/media?parent=107"}],"curies":[{"name":"wp","href":"https:\/\/api.w.org\/{rel}","templated":true}]}}