{"id":111,"date":"2022-03-30T22:57:56","date_gmt":"2022-03-30T20:57:56","guid":{"rendered":"http:\/\/acriv.org\/WP\/?page_id=111"},"modified":"2025-08-21T11:52:27","modified_gmt":"2025-08-21T09:52:27","slug":"formation-lapl","status":"publish","type":"page","link":"https:\/\/acriv.org\/WP\/formation-lapl\/","title":{"rendered":"FORMATION LAPL(A)"},"content":{"rendered":"\n<p>Cette Licence europ\u00e9enne permet de voyager en tant que commandant de bord, sans r\u00e9mun\u00e9ration, en Europe uniquement.<\/p>\n\n\n\n<p>Vous volerez sur avion monomoteur \u00e0 pistons de moins de 2 tonnes en vol \u00e0 vue (VFR Visual Flight Rules)<\/p>\n\n\n\n<p>L\u2019emport de passagers (3 au maximum) ne pourra se faire qu\u2019apr\u00e8s avoir effectu\u00e9 10 heures de vols en commandant de bord apr\u00e8s l\u2019obtention de la licence.<\/p>\n\n\n\n<p>La formation n\u00e9cessite&nbsp;:<\/p>\n\n\n\n<ul class=\"wp-block-list\">\n<li>D\u2019avoir au moins 17 ans le jour de l\u2019examen pratique et 16 ans pour les vols seuls \u00e0 bord (on peut commencer avant)<\/li>\n\n\n\n<li>Une formation th\u00e9orique sanctionn\u00e9e par un examen th\u00e9orique<\/li>\n\n\n\n<li>Une formation pratique, avec un instructeur qui vous suivra durant votre formation, de 30h minimums au cours desquels 6 heures seront r\u00e9alis\u00e9es seul \u00e0 bord.<\/li>\n\n\n\n<li>Un Certificat m\u00e9dical de \u00ab Classe 2 \u00bb ou LAPL sera exig\u00e9. Cette visite m\u00e9dicale est \u00e0 passer chez un m\u00e9decin agr\u00e9\u00e9 par la Direction G\u00e9n\u00e9rale de l\u2019Aviation Civile.<\/li>\n<\/ul>\n\n\n\n<p>La licence LAPL en poche vous pourrez continuer \u00e0 progresser (via des compl\u00e9ments de formations) et d\u00e9couvrir&nbsp;:<\/p>\n\n\n\n<ul class=\"wp-block-list\">\n<li>Le vol de nuit*<\/li>\n\n\n\n<li>Le vol sur des avions \u00e0 train classique*<\/li>\n\n\n\n<li>Pratiquer la voltige a\u00e9rienne*<\/li>\n\n\n\n<li>Passer la comp\u00e9tence linguistique (FCL055) pour voyager \u00e0 l\u2019\u00e9tranger<\/li>\n<\/ul>\n\n\n\n<p>Les personnes en cours de formation LAPL pourront passer l\u2019ABL (Autorisation de Base LAPL). Cette autorisation permet de voler seul \u00e0 bord (sur autorisation du responsable p\u00e9dagogique) dans un rayon de 25NM du terrain d\u2019attache.<\/p>\n\n\n\n<p>(*) Formations dispens\u00e9es par l\u2019ACRIV<\/p>\n\n\n<div class=\"wp-block-image\">\n<figure class=\"aligncenter size-full is-resized\"><a href=\"https:\/\/acriv.org\/WP\/devenir-pilote-lapla\/\" target=\"_blank\" rel=\"noreferrer noopener\"><img loading=\"lazy\" decoding=\"async\" width=\"344\" height=\"112\" src=\"https:\/\/acriv.org\/WP\/wp-content\/uploads\/2025\/08\/image-101.png\" alt=\"\" class=\"wp-image-2142\" style=\"width:310px;height:auto\" srcset=\"https:\/\/acriv.org\/WP\/wp-content\/uploads\/2025\/08\/image-101.png 344w, https:\/\/acriv.org\/WP\/wp-content\/uploads\/2025\/08\/image-101-300x98.png 300w, https:\/\/acriv.org\/WP\/wp-content\/uploads\/2025\/08\/image-101-310x101.png 310w, https:\/\/acriv.org\/WP\/wp-content\/uploads\/2025\/08\/image-101-150x49.png 150w\" sizes=\"auto, (max-width: 344px) 100vw, 344px\" \/><\/a><\/figure>\n<\/div>","protected":false},"excerpt":{"rendered":"<p>Cette Licence europ\u00e9enne permet de voyager en tant que commandant de bord, sans r\u00e9mun\u00e9ration, en Europe uniquement. Vous volerez sur avion monomoteur \u00e0 pistons de moins de 2 tonnes en vol \u00e0 vue (VFR Visual Flight Rules) L\u2019emport de passagers (3 au maximum) ne pourra se faire qu\u2019apr\u00e8s avoir effectu\u00e9 10 heures de vols en commandant de bord apr\u00e8s l\u2019obtention<\/p>\n<p><a class=\"more-link\" href=\"https:\/\/acriv.org\/WP\/formation-lapl\/\">Read More<\/a><\/p>\n","protected":false},"author":1,"featured_media":0,"parent":0,"menu_order":0,"comment_status":"closed","ping_status":"closed","template":"","meta":{"footnotes":""},"class_list":["post-111","page","type-page","status-publish","hentry"],"jetpack_sharing_enabled":true,"_links":{"self":[{"href":"https:\/\/acriv.org\/WP\/wp-json\/wp\/v2\/pages\/111","targetHints":{"allow":["GET"]}}],"collection":[{"href":"https:\/\/acriv.org\/WP\/wp-json\/wp\/v2\/pages"}],"about":[{"href":"https:\/\/acriv.org\/WP\/wp-json\/wp\/v2\/types\/page"}],"author":[{"embeddable":true,"href":"https:\/\/acriv.org\/WP\/wp-json\/wp\/v2\/users\/1"}],"replies":[{"embeddable":true,"href":"https:\/\/acriv.org\/WP\/wp-json\/wp\/v2\/comments?post=111"}],"version-history":[{"count":6,"href":"https:\/\/acriv.org\/WP\/wp-json\/wp\/v2\/pages\/111\/revisions"}],"predecessor-version":[{"id":2146,"href":"https:\/\/acriv.org\/WP\/wp-json\/wp\/v2\/pages\/111\/revisions\/2146"}],"wp:attachment":[{"href":"https:\/\/acriv.org\/WP\/wp-json\/wp\/v2\/media?parent=111"}],"curies":[{"name":"wp","href":"https:\/\/api.w.org\/{rel}","templated":true}]}}