{"id":113,"date":"2022-03-30T22:58:30","date_gmt":"2022-03-30T20:58:30","guid":{"rendered":"http:\/\/acriv.org\/WP\/?page_id=113"},"modified":"2025-09-03T18:45:18","modified_gmt":"2025-09-03T16:45:18","slug":"formation-bia","status":"publish","type":"page","link":"https:\/\/acriv.org\/WP\/formation-bia\/","title":{"rendered":"FORMATION BIA"},"content":{"rendered":"<div class=\"wp-block-image\">\n<figure class=\"aligncenter size-full is-resized\"><img loading=\"lazy\" decoding=\"async\" width=\"768\" height=\"558\" src=\"https:\/\/acriv.org\/WP\/wp-content\/uploads\/2025\/08\/bia-diplome-768x558-1.jpg\" alt=\"\" class=\"wp-image-2260\" style=\"width:300px;height:auto\" srcset=\"https:\/\/acriv.org\/WP\/wp-content\/uploads\/2025\/08\/bia-diplome-768x558-1.jpg 768w, https:\/\/acriv.org\/WP\/wp-content\/uploads\/2025\/08\/bia-diplome-768x558-1-300x218.jpg 300w, https:\/\/acriv.org\/WP\/wp-content\/uploads\/2025\/08\/bia-diplome-768x558-1-413x300.jpg 413w, https:\/\/acriv.org\/WP\/wp-content\/uploads\/2025\/08\/bia-diplome-768x558-1-310x225.jpg 310w, https:\/\/acriv.org\/WP\/wp-content\/uploads\/2025\/08\/bia-diplome-768x558-1-145x105.jpg 145w\" sizes=\"auto, (max-width: 768px) 100vw, 768px\" \/><\/figure>\n<\/div>\n\n\n<p>Vous \u00eates curieux, vous souhaitez d\u00e9couvrir le monde de l\u2019aviation ou vous \u00eates motiv\u00e9s pour faire une carri\u00e8re dans l\u2019a\u00e9ronautique.<\/p>\n\n\n\n<p>Vous avez un niveau 3<sup>\u00e8me<\/sup>, et votre \u00e9tablissement scolaire ne propose pas de formation au Brevet d\u2019Initiation A\u00e9ronautique (BIA), vous pouvez suivre la session de pr\u00e9paration au BIA de l\u2019A\u00e9ro-Club Rennes Ille et Vilaine (ACRIV).<\/p>\n\n\n\n<p>Le BIA, dipl\u00f4me de l\u2019\u00c9ducation Nationale, sanctionne un niveau de connaissance g\u00e9n\u00e9rale sur le monde de l\u2019a\u00e9ronautique et de l\u2019espace.<\/p>\n\n\n\n<p>Le BIA, c\u2019est :<\/p>\n\n\n\n<ul class=\"wp-block-list\">\n<li>La mise en pratique des cours du coll\u00e8ge\/lyc\u00e9e<\/li>\n\n\n\n<li>Un atout sur un CV ou Parcoursup<\/li>\n\n\n\n<li>Une plus-value \u00e0 mettre en avant lors d\u2019un entretien pour un stage, ou un emploi dans le secteur a\u00e9rien, une s\u00e9lection militaire.<\/li>\n\n\n\n<li>Une ouverture vers les m\u00e9tiers de l\u2019a\u00e9ronautique, un v\u00e9ritable tremplin vers une carri\u00e8re a\u00e9ronautique, civile ou militaire.<\/li>\n\n\n\n<li>Des bourses des f\u00e9d\u00e9rations dans le cadre d\u2019une formation pratique pilote priv\u00e9 LAPL\/PPL (R\u00e9serv\u00e9es au moins de 21 ans).<\/li>\n<\/ul>\n\n\n\n<p>Une formation de 40h portant sur la connaissance des a\u00e9ronefs et des engins spatiaux, les principes du vol, la m\u00e9t\u00e9orologie, la navigation, la r\u00e8glementation, la s\u00e9curit\u00e9 des vols, l\u2019histoire de l\u2019aviation et l\u2019anglais est dispens\u00e9e gratuitement par les formateurs et instructeurs de l\u2019ACRIV durant l\u2019ann\u00e9e scolaire.<\/p>\n\n\n\n<p>Le BIA est une premi\u00e8re \u00e9tape dans la construction d\u2019un parcours destin\u00e9 aux m\u00e9tiers de l\u2019a\u00e9ronautique ou \u00e0 l\u2019obtention d\u2019une licence de pilote.<\/p>\n\n\n\n<p class=\"has-medium-font-size\"><strong>\ud83c\udfafL\u2019ACRIV dispense ces cours au coll\u00e8ge Jean Moulin (St Jacques de la lande) les mercredis apr\u00e8s-midi pour celles et ceux dont l\u2019\u00e9tablissement ne propose pas de formation au BIA.<\/strong><\/p>\n\n\n\n<p class=\"has-medium-font-size\"><strong>\ud83c\udfafLes inscriptions sont ouvertes \u00e0 partir du 1<sup>er<\/sup> mai pour l\u2019ann\u00e9e scolaire suivante.<\/strong><\/p>\n\n\n\n<p>\u26a0\ufe0f Attention, le nombre de jeunes par session est limit\u00e9 \u00e0 25. Ce nombre est atteint avant la fin du mois de juin. Au-del\u00e0 de cette limite vous aurez peu de chance d\u2019avoir une place.<\/p>\n","protected":false},"excerpt":{"rendered":"<p>Vous \u00eates curieux, vous souhaitez d\u00e9couvrir le monde de l\u2019aviation ou vous \u00eates motiv\u00e9s pour faire une carri\u00e8re dans l\u2019a\u00e9ronautique. Vous avez un niveau 3\u00e8me, et votre \u00e9tablissement scolaire ne propose pas de formation au Brevet d\u2019Initiation A\u00e9ronautique (BIA), vous pouvez suivre la session de pr\u00e9paration au BIA de l\u2019A\u00e9ro-Club Rennes Ille et Vilaine (ACRIV). Le BIA, dipl\u00f4me de l\u2019\u00c9ducation<\/p>\n<p><a class=\"more-link\" href=\"https:\/\/acriv.org\/WP\/formation-bia\/\">Read More<\/a><\/p>\n","protected":false},"author":1,"featured_media":0,"parent":0,"menu_order":0,"comment_status":"closed","ping_status":"closed","template":"","meta":{"footnotes":""},"class_list":["post-113","page","type-page","status-publish","hentry"],"jetpack_sharing_enabled":true,"_links":{"self":[{"href":"https:\/\/acriv.org\/WP\/wp-json\/wp\/v2\/pages\/113","targetHints":{"allow":["GET"]}}],"collection":[{"href":"https:\/\/acriv.org\/WP\/wp-json\/wp\/v2\/pages"}],"about":[{"href":"https:\/\/acriv.org\/WP\/wp-json\/wp\/v2\/types\/page"}],"author":[{"embeddable":true,"href":"https:\/\/acriv.org\/WP\/wp-json\/wp\/v2\/users\/1"}],"replies":[{"embeddable":true,"href":"https:\/\/acriv.org\/WP\/wp-json\/wp\/v2\/comments?post=113"}],"version-history":[{"count":5,"href":"https:\/\/acriv.org\/WP\/wp-json\/wp\/v2\/pages\/113\/revisions"}],"predecessor-version":[{"id":2317,"href":"https:\/\/acriv.org\/WP\/wp-json\/wp\/v2\/pages\/113\/revisions\/2317"}],"wp:attachment":[{"href":"https:\/\/acriv.org\/WP\/wp-json\/wp\/v2\/media?parent=113"}],"curies":[{"name":"wp","href":"https:\/\/api.w.org\/{rel}","templated":true}]}}