{"id":1599,"date":"2024-09-18T22:32:30","date_gmt":"2024-09-18T20:32:30","guid":{"rendered":"https:\/\/acriv.org\/WP\/?page_id=1599"},"modified":"2024-09-18T22:44:08","modified_gmt":"2024-09-18T20:44:08","slug":"centre-dexamen-theorique","status":"publish","type":"page","link":"https:\/\/acriv.org\/WP\/centre-dexamen-theorique\/","title":{"rendered":"CENTRE D&rsquo;EXAMEN THEORIQUE"},"content":{"rendered":"\n<p><\/p>\n\n\n\n<p>L&rsquo;ACRIV a le plaisir depuis d\u00e9cembre 2023 d&rsquo;\u00eatre centre d&rsquo;examens th\u00e9oriques PPL (A) et LAPL suite au passage de la FFA au statut d\u2019Entit\u00e9 Qualifi\u00e9e par accr\u00e9ditation minist\u00e9rielle de la DGAC.<\/p>\n\n\n\n<p>Ce sont plus de 250 places d&rsquo;examens propos\u00e9s aux pilotes en formations et encadr\u00e9es par des b\u00e9n\u00e9voles accr\u00e9dit\u00e9s du club conform\u00e9ment aux directives de la f\u00e9d\u00e9ration.<\/p>\n\n\n<div class=\"wp-block-image\">\n<figure class=\"aligncenter size-large is-resized\"><img loading=\"lazy\" decoding=\"async\" width=\"1024\" height=\"668\" src=\"https:\/\/acriv.org\/WP\/wp-content\/uploads\/2024\/09\/carte-centres-examen-1024x668.jpg\" alt=\"\" class=\"wp-image-1606\" style=\"width:495px;height:auto\" srcset=\"https:\/\/acriv.org\/WP\/wp-content\/uploads\/2024\/09\/carte-centres-examen-1024x668.jpg 1024w, https:\/\/acriv.org\/WP\/wp-content\/uploads\/2024\/09\/carte-centres-examen-300x196.jpg 300w, https:\/\/acriv.org\/WP\/wp-content\/uploads\/2024\/09\/carte-centres-examen-768x501.jpg 768w, https:\/\/acriv.org\/WP\/wp-content\/uploads\/2024\/09\/carte-centres-examen-1536x1002.jpg 1536w, https:\/\/acriv.org\/WP\/wp-content\/uploads\/2024\/09\/carte-centres-examen-800x522.jpg 800w, https:\/\/acriv.org\/WP\/wp-content\/uploads\/2024\/09\/carte-centres-examen-460x300.jpg 460w, https:\/\/acriv.org\/WP\/wp-content\/uploads\/2024\/09\/carte-centres-examen-310x202.jpg 310w, https:\/\/acriv.org\/WP\/wp-content\/uploads\/2024\/09\/carte-centres-examen-150x98.jpg 150w, https:\/\/acriv.org\/WP\/wp-content\/uploads\/2024\/09\/carte-centres-examen.jpg 1833w\" sizes=\"auto, (max-width: 1024px) 100vw, 1024px\" \/><figcaption class=\"wp-element-caption\">CARTE DES CENTRES D&rsquo;EXAMEN DES D\u00c9PARTEMENTS VOISINS 35\/22\/56\/53\/44\/29\/50\/14<\/figcaption><\/figure>\n<\/div>\n\n\n<p><\/p>\n\n\n\n<figure class=\"wp-block-gallery has-nested-images columns-default is-cropped wp-block-gallery-1 is-layout-flex wp-block-gallery-is-layout-flex\">\n<figure class=\"wp-block-image size-large\"><img loading=\"lazy\" decoding=\"async\" width=\"768\" height=\"1024\" data-id=\"1602\" src=\"https:\/\/acriv.org\/WP\/wp-content\/uploads\/2024\/09\/IMG_2437-1-768x1024.jpg\" alt=\"\" class=\"wp-image-1602\" srcset=\"https:\/\/acriv.org\/WP\/wp-content\/uploads\/2024\/09\/IMG_2437-1-768x1024.jpg 768w, https:\/\/acriv.org\/WP\/wp-content\/uploads\/2024\/09\/IMG_2437-1-225x300.jpg 225w, https:\/\/acriv.org\/WP\/wp-content\/uploads\/2024\/09\/IMG_2437-1-1152x1536.jpg 1152w, https:\/\/acriv.org\/WP\/wp-content\/uploads\/2024\/09\/IMG_2437-1-800x1067.jpg 800w, https:\/\/acriv.org\/WP\/wp-content\/uploads\/2024\/09\/IMG_2437-1-233x310.jpg 233w, https:\/\/acriv.org\/WP\/wp-content\/uploads\/2024\/09\/IMG_2437-1-79x105.jpg 79w, https:\/\/acriv.org\/WP\/wp-content\/uploads\/2024\/09\/IMG_2437-1.jpg 1512w\" sizes=\"auto, (max-width: 768px) 100vw, 768px\" \/><figcaption class=\"wp-element-caption\"><strong>SESSION D&rsquo;EXAMEN A L&rsquo;ACRIV<\/strong><\/figcaption><\/figure>\n\n\n\n<figure class=\"wp-block-image size-large\"><img loading=\"lazy\" decoding=\"async\" width=\"1024\" height=\"768\" data-id=\"1601\" src=\"https:\/\/acriv.org\/WP\/wp-content\/uploads\/2024\/09\/IMG_2436-1024x768.jpg\" alt=\"\" class=\"wp-image-1601\" srcset=\"https:\/\/acriv.org\/WP\/wp-content\/uploads\/2024\/09\/IMG_2436-1024x768.jpg 1024w, https:\/\/acriv.org\/WP\/wp-content\/uploads\/2024\/09\/IMG_2436-300x225.jpg 300w, https:\/\/acriv.org\/WP\/wp-content\/uploads\/2024\/09\/IMG_2436-768x576.jpg 768w, https:\/\/acriv.org\/WP\/wp-content\/uploads\/2024\/09\/IMG_2436-1536x1152.jpg 1536w, https:\/\/acriv.org\/WP\/wp-content\/uploads\/2024\/09\/IMG_2436-800x600.jpg 800w, https:\/\/acriv.org\/WP\/wp-content\/uploads\/2024\/09\/IMG_2436-400x300.jpg 400w, https:\/\/acriv.org\/WP\/wp-content\/uploads\/2024\/09\/IMG_2436-310x233.jpg 310w, https:\/\/acriv.org\/WP\/wp-content\/uploads\/2024\/09\/IMG_2436-140x105.jpg 140w, https:\/\/acriv.org\/WP\/wp-content\/uploads\/2024\/09\/IMG_2436.jpg 2016w\" sizes=\"auto, (max-width: 1024px) 100vw, 1024px\" \/><figcaption class=\"wp-element-caption\"><strong>SALLE D&rsquo;EXAMEN DE l&rsquo;ACRIV<\/strong><\/figcaption><\/figure>\n<\/figure>\n\n\n\n<p>.<\/p>\n\n\n\n<h1 class=\"wp-block-heading has-text-align-center\"><a href=\"https:\/\/examens.ffa-aero.fr\" target=\"_blank\" rel=\"noreferrer noopener\"><strong>https:\/\/examens.ffa-aero.fr<\/strong><\/a><\/h1>\n","protected":false},"excerpt":{"rendered":"<p>L&rsquo;ACRIV a le plaisir depuis d\u00e9cembre 2023 d&rsquo;\u00eatre centre d&rsquo;examens th\u00e9oriques PPL (A) et LAPL suite au passage de la FFA au statut d\u2019Entit\u00e9 Qualifi\u00e9e par accr\u00e9ditation minist\u00e9rielle de la DGAC. Ce sont plus de 250 places d&rsquo;examens propos\u00e9s aux pilotes en formations et encadr\u00e9es par des b\u00e9n\u00e9voles accr\u00e9dit\u00e9s du club conform\u00e9ment aux directives de la f\u00e9d\u00e9ration. . https:\/\/examens.ffa-aero.fr<\/p>\n","protected":false},"author":1,"featured_media":0,"parent":0,"menu_order":0,"comment_status":"closed","ping_status":"closed","template":"","meta":{"footnotes":""},"class_list":["post-1599","page","type-page","status-publish","hentry"],"jetpack_sharing_enabled":true,"_links":{"self":[{"href":"https:\/\/acriv.org\/WP\/wp-json\/wp\/v2\/pages\/1599","targetHints":{"allow":["GET"]}}],"collection":[{"href":"https:\/\/acriv.org\/WP\/wp-json\/wp\/v2\/pages"}],"about":[{"href":"https:\/\/acriv.org\/WP\/wp-json\/wp\/v2\/types\/page"}],"author":[{"embeddable":true,"href":"https:\/\/acriv.org\/WP\/wp-json\/wp\/v2\/users\/1"}],"replies":[{"embeddable":true,"href":"https:\/\/acriv.org\/WP\/wp-json\/wp\/v2\/comments?post=1599"}],"version-history":[{"count":10,"href":"https:\/\/acriv.org\/WP\/wp-json\/wp\/v2\/pages\/1599\/revisions"}],"predecessor-version":[{"id":1614,"href":"https:\/\/acriv.org\/WP\/wp-json\/wp\/v2\/pages\/1599\/revisions\/1614"}],"wp:attachment":[{"href":"https:\/\/acriv.org\/WP\/wp-json\/wp\/v2\/media?parent=1599"}],"curies":[{"name":"wp","href":"https:\/\/api.w.org\/{rel}","templated":true}]}}