{"id":1804,"date":"2025-08-13T14:31:47","date_gmt":"2025-08-13T12:31:47","guid":{"rendered":"https:\/\/acriv.org\/WP\/?page_id=1804"},"modified":"2025-08-13T14:31:47","modified_gmt":"2025-08-13T12:31:47","slug":"g3x-plan-de-vol","status":"publish","type":"page","link":"https:\/\/acriv.org\/WP\/g3x-plan-de-vol\/","title":{"rendered":"G3X : PLAN DE VOL"},"content":{"rendered":"<div class=\"wp-block-image\">\n<figure class=\"aligncenter size-full is-resized\"><img loading=\"lazy\" decoding=\"async\" width=\"507\" height=\"392\" src=\"https:\/\/acriv.org\/WP\/wp-content\/uploads\/2025\/08\/image-32.png\" alt=\"\" class=\"wp-image-1805\" style=\"width:316px;height:auto\" srcset=\"https:\/\/acriv.org\/WP\/wp-content\/uploads\/2025\/08\/image-32.png 507w, https:\/\/acriv.org\/WP\/wp-content\/uploads\/2025\/08\/image-32-300x232.png 300w, https:\/\/acriv.org\/WP\/wp-content\/uploads\/2025\/08\/image-32-180x138.png 180w, https:\/\/acriv.org\/WP\/wp-content\/uploads\/2025\/08\/image-32-388x300.png 388w, https:\/\/acriv.org\/WP\/wp-content\/uploads\/2025\/08\/image-32-310x240.png 310w, https:\/\/acriv.org\/WP\/wp-content\/uploads\/2025\/08\/image-32-136x105.png 136w\" sizes=\"auto, (max-width: 507px) 100vw, 507px\" \/><\/figure>\n<\/div>\n\n\n<p><strong>Pour enregistrer un plan de vol dans un Garmin G3X, voici les \u00e9tapes g\u00e9n\u00e9rales \u00e0 suivre. Ces instructions peuvent varier l\u00e9g\u00e8rement selon le mod\u00e8le exact (G3X Touch ou non-touch) et la version du logiciel, mais elles te guideront dans le processus de base.<\/strong><\/p>\n\n\n\n<p><strong>\u2705 Enregistrer un plan de vol dans un Garmin G3X (Touch)<\/strong><\/p>\n\n\n\n<ol class=\"wp-block-list\" start=\"1\">\n<li><strong>Allumer l\u2019avionique<\/strong><br>Allume le syst\u00e8me G3X et laisse-le d\u00e9marrer compl\u00e8tement.<\/li>\n\n\n\n<li><strong>Acc\u00e9der \u00e0 la page \u00ab\u00a0Flight Plan\u00a0\u00bb<\/strong>\n<ul class=\"wp-block-list\">\n<li>Sur l\u2019\u00e9cran principal, appuie sur <strong>\u00ab\u00a0FPL\u00a0\u00bb<\/strong> (Flight Plan) dans le menu lat\u00e9ral ou via la page de navigation.<\/li>\n\n\n\n<li>Cela ouvre le plan de vol actif.<\/li>\n<\/ul>\n<\/li>\n\n\n\n<li><strong>Cr\u00e9er un plan de vol<\/strong>\n<ul class=\"wp-block-list\">\n<li>Appuie sur <strong>\u00ab\u00a0Add Waypoint\u00a0\u00bb<\/strong> ou touche un point vide dans la liste pour ajouter un point.<\/li>\n\n\n\n<li>Entre les identifiants d\u2019a\u00e9roports, de VOR, de points GPS, etc.<\/li>\n\n\n\n<li>R\u00e9p\u00e8te pour tous les points du plan.<\/li>\n<\/ul>\n<\/li>\n\n\n\n<li><strong>Enregistrer le plan de vol<\/strong>\n<ul class=\"wp-block-list\">\n<li>Une fois le plan de vol compl\u00e9t\u00e9, touche le bouton <strong>\u00ab\u00a0Menu\u00a0\u00bb<\/strong> (souvent en bas \u00e0 droite).<\/li>\n\n\n\n<li>S\u00e9lectionne <strong>\u00ab\u00a0Save Flight Plan\u00a0\u00bb<\/strong>.<\/li>\n\n\n\n<li>Donne un nom \u00e0 ton plan (ex. : LFRB\u2192LFBO).<\/li>\n\n\n\n<li>Appuie sur <strong>\u00ab\u00a0Enter\u00a0\u00bb<\/strong> ou <strong>\u00ab\u00a0Done\u00a0\u00bb<\/strong> pour confirmer l\u2019enregistrement.<\/li>\n<\/ul>\n<\/li>\n\n\n\n<li><strong>Charger un plan de vol enregistr\u00e9 (plus tard)<\/strong>\n<ul class=\"wp-block-list\">\n<li>Va dans la page <strong>FPL<\/strong>, appuie sur <strong>Menu<\/strong>, puis <strong>\u00ab\u00a0Retrieve Flight Plan\u00a0\u00bb<\/strong>.<\/li>\n\n\n\n<li>Choisis le plan de vol enregistr\u00e9 \u00e0 partir de la liste.<\/li>\n\n\n\n<li>Appuie sur <strong>\u00ab\u00a0Activate\u00a0\u00bb<\/strong> si tu veux le rendre actif imm\u00e9diatement.<\/li>\n<\/ul>\n<\/li>\n<\/ol>\n","protected":false},"excerpt":{"rendered":"<p>Pour enregistrer un plan de vol dans un Garmin G3X, voici les \u00e9tapes g\u00e9n\u00e9rales \u00e0 suivre. Ces instructions peuvent varier l\u00e9g\u00e8rement selon le mod\u00e8le exact (G3X Touch ou non-touch) et la version du logiciel, mais elles te guideront dans le processus de base. \u2705 Enregistrer un plan de vol dans un Garmin G3X (Touch)<\/p>\n","protected":false},"author":1,"featured_media":0,"parent":0,"menu_order":0,"comment_status":"closed","ping_status":"closed","template":"","meta":{"footnotes":""},"class_list":["post-1804","page","type-page","status-publish","hentry"],"jetpack_sharing_enabled":true,"_links":{"self":[{"href":"https:\/\/acriv.org\/WP\/wp-json\/wp\/v2\/pages\/1804","targetHints":{"allow":["GET"]}}],"collection":[{"href":"https:\/\/acriv.org\/WP\/wp-json\/wp\/v2\/pages"}],"about":[{"href":"https:\/\/acriv.org\/WP\/wp-json\/wp\/v2\/types\/page"}],"author":[{"embeddable":true,"href":"https:\/\/acriv.org\/WP\/wp-json\/wp\/v2\/users\/1"}],"replies":[{"embeddable":true,"href":"https:\/\/acriv.org\/WP\/wp-json\/wp\/v2\/comments?post=1804"}],"version-history":[{"count":1,"href":"https:\/\/acriv.org\/WP\/wp-json\/wp\/v2\/pages\/1804\/revisions"}],"predecessor-version":[{"id":1806,"href":"https:\/\/acriv.org\/WP\/wp-json\/wp\/v2\/pages\/1804\/revisions\/1806"}],"wp:attachment":[{"href":"https:\/\/acriv.org\/WP\/wp-json\/wp\/v2\/media?parent=1804"}],"curies":[{"name":"wp","href":"https:\/\/api.w.org\/{rel}","templated":true}]}}