{"id":1826,"date":"2025-08-13T14:45:35","date_gmt":"2025-08-13T12:45:35","guid":{"rendered":"https:\/\/acriv.org\/WP\/?page_id=1826"},"modified":"2025-08-18T11:04:01","modified_gmt":"2025-08-18T09:04:01","slug":"g3x-2","status":"publish","type":"page","link":"https:\/\/acriv.org\/WP\/g3x-2\/","title":{"rendered":"\ud83d\udcbb G3X (\ud83d\udea7)"},"content":{"rendered":"\n<p class=\"has-text-align-center has-vivid-red-color has-text-color has-link-color has-large-font-size wp-elements-8b981e52aa8ab88b64a0d01cd62aca7f\"><strong>EN TRAVAUX<\/strong><\/p>\n\n\n\n<p class=\"has-text-align-center has-vivid-red-color has-text-color has-link-color wp-elements-fb61dc4dd5bcffa516d09ae8853cd1ff\"><em>\u26a0\ufe0f Pr\u00e9sentation \u00e0 titre indicatif : ce document ne remplace en aucun cas le manuel officiel du G3X Touch ni la formation dispens\u00e9e par les instructeurs qualifi\u00e9s, qui restent les seules r\u00e9f\u00e9rences officielles.<\/em><\/p>\n\n\n<div class=\"wp-block-image\">\n<figure class=\"aligncenter size-full is-resized\"><img loading=\"lazy\" decoding=\"async\" width=\"385\" height=\"279\" src=\"https:\/\/acriv.org\/WP\/wp-content\/uploads\/2025\/08\/image-36.png\" alt=\"\" class=\"wp-image-1827\" style=\"width:495px;height:auto\" srcset=\"https:\/\/acriv.org\/WP\/wp-content\/uploads\/2025\/08\/image-36.png 385w, https:\/\/acriv.org\/WP\/wp-content\/uploads\/2025\/08\/image-36-300x217.png 300w, https:\/\/acriv.org\/WP\/wp-content\/uploads\/2025\/08\/image-36-310x225.png 310w, https:\/\/acriv.org\/WP\/wp-content\/uploads\/2025\/08\/image-36-145x105.png 145w\" sizes=\"auto, (max-width: 385px) 100vw, 385px\" \/><\/figure>\n<\/div>","protected":false},"excerpt":{"rendered":"<p>EN TRAVAUX \u26a0\ufe0f Pr\u00e9sentation \u00e0 titre indicatif : ce document ne remplace en aucun cas le manuel officiel du G3X Touch ni la formation dispens\u00e9e par les instructeurs qualifi\u00e9s, qui restent les seules r\u00e9f\u00e9rences officielles.<\/p>\n","protected":false},"author":1,"featured_media":0,"parent":0,"menu_order":0,"comment_status":"closed","ping_status":"closed","template":"","meta":{"footnotes":""},"class_list":["post-1826","page","type-page","status-publish","hentry"],"jetpack_sharing_enabled":true,"_links":{"self":[{"href":"https:\/\/acriv.org\/WP\/wp-json\/wp\/v2\/pages\/1826","targetHints":{"allow":["GET"]}}],"collection":[{"href":"https:\/\/acriv.org\/WP\/wp-json\/wp\/v2\/pages"}],"about":[{"href":"https:\/\/acriv.org\/WP\/wp-json\/wp\/v2\/types\/page"}],"author":[{"embeddable":true,"href":"https:\/\/acriv.org\/WP\/wp-json\/wp\/v2\/users\/1"}],"replies":[{"embeddable":true,"href":"https:\/\/acriv.org\/WP\/wp-json\/wp\/v2\/comments?post=1826"}],"version-history":[{"count":4,"href":"https:\/\/acriv.org\/WP\/wp-json\/wp\/v2\/pages\/1826\/revisions"}],"predecessor-version":[{"id":1985,"href":"https:\/\/acriv.org\/WP\/wp-json\/wp\/v2\/pages\/1826\/revisions\/1985"}],"wp:attachment":[{"href":"https:\/\/acriv.org\/WP\/wp-json\/wp\/v2\/media?parent=1826"}],"curies":[{"name":"wp","href":"https:\/\/api.w.org\/{rel}","templated":true}]}}