{"id":186,"date":"2022-03-31T00:24:32","date_gmt":"2022-03-30T22:24:32","guid":{"rendered":"http:\/\/acriv.org\/WP\/?page_id=186"},"modified":"2025-09-02T10:14:29","modified_gmt":"2025-09-02T08:14:29","slug":"calendrier-secretariat","status":"publish","type":"page","link":"https:\/\/acriv.org\/WP\/calendrier-secretariat\/","title":{"rendered":"\ud83d\uddd3\ufe0fHORAIRES SECRETARIAT"},"content":{"rendered":"\n<B>\n<I>09:00 pr\u00e9nom = permanence secr\u00e9tariat le matin (09h-12h)<\/I><BR>\n<I>14:00 pr\u00e9nom = permanence secr\u00e9tariat l&rsquo;apr\u00e8s midi (14h-17h)<\/I><BR>\n<BR>\n<\/B>\n\n<iframe loading=\"lazy\" src=\"https:\/\/calendar.google.com\/calendar\/embed?height=600&#038;wkst=1&#038;bgcolor=%23ffffff&#038;ctz=Europe%2FParis&#038;showTabs=1&#038;showTz=0&#038;title=ACRIV&#038;src=YWNyaXYyMDIxMjAyNUBnbWFpbC5jb20&#038;src=ODRmYmM4N2UyMzkyNDIzZDZiYWQ2NWUyYWQ1ZGU1YzhiYWU1MjhlNDcwZGFlZmFiZDNhMGFkYTRkMjhhNDdiMUBncm91cC5jYWxlbmRhci5nb29nbGUuY29t&#038;src=ZnIuZnJlbmNoI2hvbGlkYXlAZ3JvdXAudi5jYWxlbmRhci5nb29nbGUuY29t&#038;color=%23039BE5&#038;color=%234285F4&#038;color=%230B8043\" style=\"border:solid 1px #777\" width=\"800\" height=\"600\" frameborder=\"0\" scrolling=\"no\"><\/iframe>\n\n\n\n<p><\/p>\n","protected":false},"excerpt":{"rendered":"<p>09:00 pr\u00e9nom = permanence secr\u00e9tariat le matin (09h-12h) 14:00 pr\u00e9nom = permanence secr\u00e9tariat l&rsquo;apr\u00e8s midi (14h-17h)<\/p>\n","protected":false},"author":1,"featured_media":0,"parent":0,"menu_order":0,"comment_status":"closed","ping_status":"closed","template":"","meta":{"footnotes":""},"class_list":["post-186","page","type-page","status-publish","hentry"],"jetpack_sharing_enabled":true,"_links":{"self":[{"href":"https:\/\/acriv.org\/WP\/wp-json\/wp\/v2\/pages\/186","targetHints":{"allow":["GET"]}}],"collection":[{"href":"https:\/\/acriv.org\/WP\/wp-json\/wp\/v2\/pages"}],"about":[{"href":"https:\/\/acriv.org\/WP\/wp-json\/wp\/v2\/types\/page"}],"author":[{"embeddable":true,"href":"https:\/\/acriv.org\/WP\/wp-json\/wp\/v2\/users\/1"}],"replies":[{"embeddable":true,"href":"https:\/\/acriv.org\/WP\/wp-json\/wp\/v2\/comments?post=186"}],"version-history":[{"count":15,"href":"https:\/\/acriv.org\/WP\/wp-json\/wp\/v2\/pages\/186\/revisions"}],"predecessor-version":[{"id":2300,"href":"https:\/\/acriv.org\/WP\/wp-json\/wp\/v2\/pages\/186\/revisions\/2300"}],"wp:attachment":[{"href":"https:\/\/acriv.org\/WP\/wp-json\/wp\/v2\/media?parent=186"}],"curies":[{"name":"wp","href":"https:\/\/api.w.org\/{rel}","templated":true}]}}