{"id":1940,"date":"2025-08-14T13:55:18","date_gmt":"2025-08-14T11:55:18","guid":{"rendered":"https:\/\/acriv.org\/WP\/?page_id=1940"},"modified":"2025-09-02T10:12:42","modified_gmt":"2025-09-02T08:12:42","slug":"un-aero-club-responsable","status":"publish","type":"page","link":"https:\/\/acriv.org\/WP\/un-aero-club-responsable\/","title":{"rendered":"\u267b\ufe0fUn A\u00e9ro-Club RESPONSABLE"},"content":{"rendered":"\n<p class=\"has-text-align-center\"><strong>L\u2019A\u00e9roclub de Rennes Ille-et-Vilaine : voler en harmonie avec son environnement<\/strong><\/p>\n\n\n<div class=\"wp-block-image\">\n<figure class=\"aligncenter size-full is-resized\"><img loading=\"lazy\" decoding=\"async\" width=\"1024\" height=\"675\" src=\"https:\/\/acriv.org\/WP\/wp-content\/uploads\/2025\/08\/24610.jpg\" alt=\"\" class=\"wp-image-2207\" style=\"width:578px;height:auto\" srcset=\"https:\/\/acriv.org\/WP\/wp-content\/uploads\/2025\/08\/24610.jpg 1024w, https:\/\/acriv.org\/WP\/wp-content\/uploads\/2025\/08\/24610-300x198.jpg 300w, https:\/\/acriv.org\/WP\/wp-content\/uploads\/2025\/08\/24610-768x506.jpg 768w, https:\/\/acriv.org\/WP\/wp-content\/uploads\/2025\/08\/24610-800x527.jpg 800w, https:\/\/acriv.org\/WP\/wp-content\/uploads\/2025\/08\/24610-455x300.jpg 455w, https:\/\/acriv.org\/WP\/wp-content\/uploads\/2025\/08\/24610-310x204.jpg 310w, https:\/\/acriv.org\/WP\/wp-content\/uploads\/2025\/08\/24610-150x99.jpg 150w\" sizes=\"auto, (max-width: 1024px) 100vw, 1024px\" \/><\/figure>\n<\/div>\n\n\n<p>L\u2019A\u00e9roclub de Rennes Ille-et-Vilaine, acteur reconnu de l\u2019aviation de loisirs et de formation, place les enjeux soci\u00e9taux et environnementaux au c\u0153ur de ses priorit\u00e9s. Conscient de l\u2019impact de l\u2019aviation sur le voisinage et l\u2019environnement, le club a entrepris plusieurs initiatives concr\u00e8tes pour concilier passion du vol et respect du cadre de vie.<\/p>\n\n\n\n<p>Dans un premier temps, l\u2019a\u00e9roclub a renouvel\u00e9 sa flotte de quatre avions-\u00e9cole pour des appareils moins \u00e9nergivores et beaucoup plus silencieux, alliant performance et responsabilit\u00e9 \u00e9cologique. Notre DR400 et \u00e9galement l\u2019appareil de voltige (CAP 10), ont \u00e9t\u00e9 \u00e9quip\u00e9 de silencieux homologu\u00e9s afin de limiter les nuisances sonores pour les riverains.<\/p>\n\n\n\n<p>La formation des pilotes int\u00e8gre \u00e9galement une dimension citoyenne forte. Les instructeurs sensibilisent les \u00e9l\u00e8ves \u00e0 \u00e9viter le survol des communes voisines d\u00e8s que la s\u00e9curit\u00e9 le permet et \u00e0 respecter les horaires et zones d\u00e9finis, notamment lors des s\u00e9ances de voltige. Cette d\u00e9marche vise \u00e0 garantir un \u00e9quilibre entre pratiques a\u00e9ronautiques et tranquillit\u00e9 du voisinage.<\/p>\n\n\n\n<p>L\u2019a\u00e9roport de Rennes, ouvert aux avions de passage, aux vols commerciaux ou militaires, ainsi qu\u2019\u00e0 d\u2019autres a\u00e9roclubs, b\u00e9n\u00e9ficie de cette approche responsable. Les autres utilisateurs de l\u2019a\u00e9roport partagent naturellement cette pr\u00e9occupation pour le \u00ab\u202fvivre ensemble\u202f\u00bb, faisant de l\u2019A\u00e9roclub de Rennes Ille-et-Vilaine un exemple d\u2019aviation respectueuse et citoyenne.<\/p>\n\n\n\n<p>En alliant innovation, formation et civisme, l\u2019A\u00e9roclub prouve que voler peut rimer avec responsabilit\u00e9 et attention \u00e0 son environnement, pour le plus grand b\u00e9n\u00e9fice de tous.<\/p>\n\n\n\n<hr class=\"wp-block-separator has-alpha-channel-opacity\"\/>\n\n\n<div class=\"wp-block-image\">\n<figure class=\"aligncenter size-full is-resized\"><img loading=\"lazy\" decoding=\"async\" width=\"676\" height=\"600\" src=\"https:\/\/acriv.org\/WP\/wp-content\/uploads\/2025\/08\/image-68.png\" alt=\"\" class=\"wp-image-1942\" style=\"width:173px;height:auto\" srcset=\"https:\/\/acriv.org\/WP\/wp-content\/uploads\/2025\/08\/image-68.png 676w, https:\/\/acriv.org\/WP\/wp-content\/uploads\/2025\/08\/image-68-300x266.png 300w, https:\/\/acriv.org\/WP\/wp-content\/uploads\/2025\/08\/image-68-338x300.png 338w, https:\/\/acriv.org\/WP\/wp-content\/uploads\/2025\/08\/image-68-310x275.png 310w, https:\/\/acriv.org\/WP\/wp-content\/uploads\/2025\/08\/image-68-118x105.png 118w\" sizes=\"auto, (max-width: 676px) 100vw, 676px\" \/><\/figure>\n<\/div>\n\n\n<p class=\"has-text-align-center has-luminous-vivid-amber-color has-text-color has-link-color wp-elements-ac01cdec518ad8f68f9026f5adc2faf6\"><a href=\"https:\/\/www.rennes.aeroport.fr\/fr\/signalement-nuisance-sonore\" target=\"_blank\" rel=\"noreferrer noopener\"><strong>SIGNALER DES NUISANCES SONORES<\/strong><\/a><\/p>\n\n\n\n<hr class=\"wp-block-separator has-alpha-channel-opacity\"\/>\n","protected":false},"excerpt":{"rendered":"<p>L\u2019A\u00e9roclub de Rennes Ille-et-Vilaine : voler en harmonie avec son environnement L\u2019A\u00e9roclub de Rennes Ille-et-Vilaine, acteur reconnu de l\u2019aviation de loisirs et de formation, place les enjeux soci\u00e9taux et environnementaux au c\u0153ur de ses priorit\u00e9s. Conscient de l\u2019impact de l\u2019aviation sur le voisinage et l\u2019environnement, le club a entrepris plusieurs initiatives concr\u00e8tes pour concilier passion du vol et respect du<\/p>\n<p><a class=\"more-link\" href=\"https:\/\/acriv.org\/WP\/un-aero-club-responsable\/\">Read More<\/a><\/p>\n","protected":false},"author":1,"featured_media":0,"parent":0,"menu_order":0,"comment_status":"closed","ping_status":"closed","template":"","meta":{"footnotes":""},"class_list":["post-1940","page","type-page","status-publish","hentry"],"jetpack_sharing_enabled":true,"_links":{"self":[{"href":"https:\/\/acriv.org\/WP\/wp-json\/wp\/v2\/pages\/1940","targetHints":{"allow":["GET"]}}],"collection":[{"href":"https:\/\/acriv.org\/WP\/wp-json\/wp\/v2\/pages"}],"about":[{"href":"https:\/\/acriv.org\/WP\/wp-json\/wp\/v2\/types\/page"}],"author":[{"embeddable":true,"href":"https:\/\/acriv.org\/WP\/wp-json\/wp\/v2\/users\/1"}],"replies":[{"embeddable":true,"href":"https:\/\/acriv.org\/WP\/wp-json\/wp\/v2\/comments?post=1940"}],"version-history":[{"count":5,"href":"https:\/\/acriv.org\/WP\/wp-json\/wp\/v2\/pages\/1940\/revisions"}],"predecessor-version":[{"id":2298,"href":"https:\/\/acriv.org\/WP\/wp-json\/wp\/v2\/pages\/1940\/revisions\/2298"}],"wp:attachment":[{"href":"https:\/\/acriv.org\/WP\/wp-json\/wp\/v2\/media?parent=1940"}],"curies":[{"name":"wp","href":"https:\/\/api.w.org\/{rel}","templated":true}]}}