{"id":2108,"date":"2025-08-20T13:55:42","date_gmt":"2025-08-20T11:55:42","guid":{"rendered":"https:\/\/acriv.org\/WP\/?page_id=2108"},"modified":"2025-08-20T13:55:42","modified_gmt":"2025-08-20T11:55:42","slug":"les-benevoles","status":"publish","type":"page","link":"https:\/\/acriv.org\/WP\/les-benevoles\/","title":{"rendered":"LES BENEVOLES"},"content":{"rendered":"\n<p class=\"has-text-align-center has-vivid-cyan-blue-color has-text-color has-link-color wp-elements-1eed7dc48ba1f24bf46fda4cf1b9d5db\"><strong>\u00ab\u00a0Un a\u00e9roclub, c\u2019est bien plus que des avions : c\u2019est une communaut\u00e9 qui ne tient que gr\u00e2ce \u00e0 l\u2019engagement de tous.\u00a0\u00bb<\/strong><\/p>\n\n\n<div class=\"wp-block-image\">\n<figure class=\"aligncenter size-full is-resized\"><img loading=\"lazy\" decoding=\"async\" width=\"265\" height=\"190\" src=\"https:\/\/acriv.org\/WP\/wp-content\/uploads\/2025\/08\/image-98.png\" alt=\"\" class=\"wp-image-2109\" style=\"width:167px;height:auto\" srcset=\"https:\/\/acriv.org\/WP\/wp-content\/uploads\/2025\/08\/image-98.png 265w, https:\/\/acriv.org\/WP\/wp-content\/uploads\/2025\/08\/image-98-146x105.png 146w\" sizes=\"auto, (max-width: 265px) 100vw, 265px\" \/><\/figure>\n<\/div>\n\n\n<p>La vie d\u2019un a\u00e9roclub repose avant tout sur l\u2019engagement de ses <strong>b\u00e9n\u00e9voles<\/strong>. Leur implication est essentielle pour pr\u00e9server l\u2019<strong>esprit associatif<\/strong>, maintenir la <strong>convivialit\u00e9<\/strong>, garantir des <strong>co\u00fbts accessibles<\/strong> et assurer le <strong>dynamisme<\/strong> de notre structure. Sans eux, l\u2019a\u00e9roclub ne pourrait tout simplement pas fonctionner.<\/p>\n\n\n\n<p>Qu\u2019il s\u2019agisse des <strong>pompistes<\/strong>, gr\u00e2ce auxquels nos avions peuvent voler \u00e0 des tarifs comp\u00e9titifs en b\u00e9n\u00e9ficiant de carburant adapt\u00e9, des <strong>surveillants d\u2019examen<\/strong>, des <strong>formateurs et encadrants du BIA<\/strong> qui transmettent leur passion aux jeunes, ou encore des membres qui assurent les <strong>permanences au secr\u00e9tariat<\/strong>, chacun apporte sa pierre \u00e0 l\u2019\u00e9difice.<\/p>\n\n\n\n<p>Les <strong>instructeurs b\u00e9n\u00e9voles<\/strong>, tout comme les <strong>membres du conseil d\u2019administration et du bureau<\/strong>, consacrent une part importante de leur temps pour que l\u2019association continue d\u2019exister, d\u2019\u00e9voluer et d\u2019offrir \u00e0 ses adh\u00e9rents les meilleures conditions de vol possibles.<\/p>\n\n\n\n<p>En somme, l\u2019a\u00e9roclub n\u2019est pas seulement un lieu pour voler : c\u2019est une <strong>communaut\u00e9 vivante et solidaire<\/strong>, rendue possible gr\u00e2ce \u00e0 l\u2019engagement d\u00e9sint\u00e9ress\u00e9 de ses b\u00e9n\u00e9voles.<\/p>\n\n\n\n<hr class=\"wp-block-separator has-alpha-channel-opacity\"\/>\n\n\n\n<p class=\"has-text-align-center has-vivid-red-color has-text-color has-link-color wp-elements-f0d6fc3932b42e5ea2ea28c7b6cf11a0\"><strong>Nos avions volent gr\u00e2ce \u00e0 nos b\u00e9n\u00e9voles\u2026 et si le prochain, c\u2019\u00e9tait toi ?<\/strong> \u2192 <a>contact@acriv.org<\/a><\/p>\n\n\n\n<hr class=\"wp-block-separator has-alpha-channel-opacity\"\/>\n","protected":false},"excerpt":{"rendered":"<p>\u00ab\u00a0Un a\u00e9roclub, c\u2019est bien plus que des avions : c\u2019est une communaut\u00e9 qui ne tient que gr\u00e2ce \u00e0 l\u2019engagement de tous.\u00a0\u00bb La vie d\u2019un a\u00e9roclub repose avant tout sur l\u2019engagement de ses b\u00e9n\u00e9voles. Leur implication est essentielle pour pr\u00e9server l\u2019esprit associatif, maintenir la convivialit\u00e9, garantir des co\u00fbts accessibles et assurer le dynamisme de notre structure. Sans eux, l\u2019a\u00e9roclub ne pourrait<\/p>\n<p><a class=\"more-link\" href=\"https:\/\/acriv.org\/WP\/les-benevoles\/\">Read More<\/a><\/p>\n","protected":false},"author":1,"featured_media":0,"parent":0,"menu_order":0,"comment_status":"closed","ping_status":"closed","template":"","meta":{"footnotes":""},"class_list":["post-2108","page","type-page","status-publish","hentry"],"jetpack_sharing_enabled":true,"_links":{"self":[{"href":"https:\/\/acriv.org\/WP\/wp-json\/wp\/v2\/pages\/2108","targetHints":{"allow":["GET"]}}],"collection":[{"href":"https:\/\/acriv.org\/WP\/wp-json\/wp\/v2\/pages"}],"about":[{"href":"https:\/\/acriv.org\/WP\/wp-json\/wp\/v2\/types\/page"}],"author":[{"embeddable":true,"href":"https:\/\/acriv.org\/WP\/wp-json\/wp\/v2\/users\/1"}],"replies":[{"embeddable":true,"href":"https:\/\/acriv.org\/WP\/wp-json\/wp\/v2\/comments?post=2108"}],"version-history":[{"count":1,"href":"https:\/\/acriv.org\/WP\/wp-json\/wp\/v2\/pages\/2108\/revisions"}],"predecessor-version":[{"id":2110,"href":"https:\/\/acriv.org\/WP\/wp-json\/wp\/v2\/pages\/2108\/revisions\/2110"}],"wp:attachment":[{"href":"https:\/\/acriv.org\/WP\/wp-json\/wp\/v2\/media?parent=2108"}],"curies":[{"name":"wp","href":"https:\/\/api.w.org\/{rel}","templated":true}]}}