{"id":2368,"date":"2025-10-10T18:43:27","date_gmt":"2025-10-10T16:43:27","guid":{"rendered":"https:\/\/acriv.org\/WP\/?page_id=2368"},"modified":"2025-10-10T18:44:09","modified_gmt":"2025-10-10T16:44:09","slug":"%f0%9f%8e%acrejoindre-lacriv","status":"publish","type":"page","link":"https:\/\/acriv.org\/WP\/%f0%9f%8e%acrejoindre-lacriv\/","title":{"rendered":"\ud83c\udfacREJOINDRE L&rsquo;ACRIV"},"content":{"rendered":"\n<h2 class=\"wp-block-heading\">\ud83d\udee9\ufe0f D\u00e9marches d\u2019inscription \u00e0 l\u2019A\u00e9roclub de Rennes Ille-et-Vilaine (ACRIV)<\/h2>\n\n\n\n<h3 class=\"wp-block-heading\">\ud83e\ude7a 1. Prendre rendez-vous avec un <strong>m\u00e9decin a\u00e9ronautique de classe 2<\/strong><\/h3>\n\n\n\n<p>Avant toute inscription \u00e0 une formation de pilote, il est recommand\u00e9 de prendre rendez-vous avec un <strong>m\u00e9decin agr\u00e9\u00e9 par la DGAC<\/strong> pour obtenir un <strong>certificat m\u00e9dical de classe 2<\/strong>.<br>Ce certificat est obligatoire pour voler seul ou d\u00e9buter une formation (LAPL, PPL\u2026).<br>Il est g\u00e9n\u00e9ralement valable 5 ans avant 40 ans, et 2 ans au-del\u00e0.<br>\ud83d\udc49 La liste des m\u00e9decins agr\u00e9\u00e9s est disponible sur le site de la DGAC ou aupr\u00e8s du secr\u00e9tariat du club.<\/p>\n\n\n\n<hr class=\"wp-block-separator has-alpha-channel-opacity\"\/>\n\n\n\n<h3 class=\"wp-block-heading\">\ud83d\udd52 2. Identifier les jours de permanence du <strong>secr\u00e9tariat<\/strong><\/h3>\n\n\n\n<p>Consultez les horaires de permanence sur <a>acriv.org<\/a> ou par t\u00e9l\u00e9phone, puis rendez-vous au club pour finaliser votre inscription.<br>Lors de votre venue, munissez-vous :<\/p>\n\n\n\n<ul class=\"wp-block-list\">\n<li>De votre <strong>pi\u00e8ce d\u2019identit\u00e9<\/strong>,<\/li>\n\n\n\n<li>De votre <strong>certificat m\u00e9dical<\/strong> (conseill\u00e9 mais pas obligatoire pour d\u00e9marrer)<\/li>\n\n\n\n<li>Et du r\u00e8glement de votre <strong>cotisation<\/strong> (CB, CHEQUE)<\/li>\n<\/ul>\n\n\n\n<hr class=\"wp-block-separator has-alpha-channel-opacity\"\/>\n\n\n\n<h3 class=\"wp-block-heading\">\ud83d\udcdd 3. Remplir le <strong>formulaire d\u2019inscription<\/strong> qui vous sera remis et souscrire :<\/h3>\n\n\n\n<ul class=\"wp-block-list\">\n<li>\u00c0 l\u2019<strong>adh\u00e9sion au club<\/strong> (cotisation annuelle) ;<\/li>\n\n\n\n<li>\u00c0 la <strong>licence f\u00e9d\u00e9rale FFA<\/strong> (F\u00e9d\u00e9ration Fran\u00e7aise A\u00e9ronautique), obligatoire pour voler.<br>Cette licence inclut notamment une <strong>assurance f\u00e9d\u00e9rale<\/strong> et vous rattache \u00e0 la communaut\u00e9 nationale des pilotes priv\u00e9s.<\/li>\n<\/ul>\n\n\n\n<hr class=\"wp-block-separator has-alpha-channel-opacity\"\/>\n\n\n\n<h3 class=\"wp-block-heading\">\ud83e\uddd1\u200d\u2708\ufe0f 4. Attribution d\u2019un <strong>instructeur<\/strong><\/h3>\n\n\n\n<p>Une fois inscrit, un <strong>instructeur vous sera attribu\u00e9<\/strong> selon vos disponibilit\u00e9s et celles du club.<br>Il sera votre <strong>r\u00e9f\u00e9rent p\u00e9dagogique<\/strong> tout au long de votre formation, pour organiser les vols et suivre votre progression.<\/p>\n\n\n\n<hr class=\"wp-block-separator has-alpha-channel-opacity\"\/>\n\n\n\n<h3 class=\"wp-block-heading\">\ud83d\udcbb 5. Acc\u00e8s au <strong>portail A\u00e9roGest<\/strong><\/h3>\n\n\n\n<p>Apr\u00e8s validation de votre inscription, vous recevrez vos <strong>identifiants de connexion<\/strong> \u00e0 la plateforme <strong>A\u00e9roGest<\/strong>.<br>Vous pourrez ainsi :<\/p>\n\n\n\n<ul class=\"wp-block-list\">\n<li>R\u00e9server vos <strong>cr\u00e9neaux de vol<\/strong> (instructeur + avion) ;<\/li>\n\n\n\n<li>Consulter votre <strong>planning et vos heures de vol<\/strong> ;<\/li>\n\n\n\n<li>Suivre votre <strong>progression en ligne<\/strong>.<\/li>\n<\/ul>\n\n\n\n<hr class=\"wp-block-separator has-alpha-channel-opacity\"\/>\n\n\n\n<h3 class=\"wp-block-heading\">\ud83c\udf89 6. Soir\u00e9e d\u2019accueil des nouveaux adh\u00e9rents<\/h3>\n\n\n\n<p>L\u2019a\u00e9roclub organise r\u00e9guli\u00e8rement une <strong>soir\u00e9e d\u2019accueil<\/strong> destin\u00e9e aux nouveaux membres.<br>C\u2019est l\u2019occasion id\u00e9ale pour :<\/p>\n\n\n\n<ul class=\"wp-block-list\">\n<li>D\u00e9couvrir la <strong>vie du club<\/strong> et ses infrastructures ;<\/li>\n\n\n\n<li>Rencontrer les <strong>instructeurs et pilotes b\u00e9n\u00e9voles<\/strong> ;<\/li>\n\n\n\n<li>Poser toutes vos questions sur la formation, la s\u00e9curit\u00e9, les proc\u00e9dures locales, et la gestion des vols.<\/li>\n<\/ul>\n\n\n\n<hr class=\"wp-block-separator has-alpha-channel-opacity\"\/>\n\n\n\n<h3 class=\"wp-block-heading\">\ud83d\udcac 7. Restons en contact !<\/h3>\n\n\n\n<p>N\u2019h\u00e9sitez pas \u00e0 <strong>nous contacter par e-mail de pr\u00e9f\u00e9rence<\/strong> pour toute question ou compl\u00e9ment d\u2019information. Naviguez sur notre site, vous trouverez surement e premiers \u00e9l\u00e9ments de r\u00e9ponse \u00e0 toutes vos questions.<br>Vous pouvez \u00e9galement <strong>passer au club<\/strong> pendant les permanences pour \u00e9changer avec des <strong>pilotes ou des encadrants<\/strong> : nous serons ravis de vous accueillir et de r\u00e9pondre \u00e0 toutes vos interrogations :<\/p>\n\n\n\n<blockquote class=\"wp-block-quote is-layout-flow wp-block-quote-is-layout-flow\">\n<p>Quelle licence est la plus adapt\u00e9e \u00e0 mes besoins ?<br>Comment se d\u00e9roule la formation ?<br>Quelles sont les prochaines \u00e9tapes pour voler ?<\/p>\n<\/blockquote>\n\n\n\n<h2 class=\"wp-block-heading has-vivid-red-color has-text-color has-link-color wp-elements-79a4cd2777b5ce45c940b0e802644f23\"><strong>L\u2019A\u00e9roclub de Rennes Ille-et-Vilaine est avant tout une association de pilotes, anim\u00e9e par des passionn\u00e9s qui partagent le m\u00eame plaisir du vol et l\u2019envie de transmettre leur savoir.<\/strong><\/h2>\n","protected":false},"excerpt":{"rendered":"<p>\ud83d\udee9\ufe0f D\u00e9marches d\u2019inscription \u00e0 l\u2019A\u00e9roclub de Rennes Ille-et-Vilaine (ACRIV) \ud83e\ude7a 1. Prendre rendez-vous avec un m\u00e9decin a\u00e9ronautique de classe 2 Avant toute inscription \u00e0 une formation de pilote, il est recommand\u00e9 de prendre rendez-vous avec un m\u00e9decin agr\u00e9\u00e9 par la DGAC pour obtenir un certificat m\u00e9dical de classe 2.Ce certificat est obligatoire pour voler seul ou d\u00e9buter une formation (LAPL,<\/p>\n<p><a class=\"more-link\" href=\"https:\/\/acriv.org\/WP\/%f0%9f%8e%acrejoindre-lacriv\/\">Read More<\/a><\/p>\n","protected":false},"author":1,"featured_media":0,"parent":0,"menu_order":0,"comment_status":"closed","ping_status":"closed","template":"","meta":{"footnotes":""},"class_list":["post-2368","page","type-page","status-publish","hentry"],"jetpack_sharing_enabled":true,"_links":{"self":[{"href":"https:\/\/acriv.org\/WP\/wp-json\/wp\/v2\/pages\/2368","targetHints":{"allow":["GET"]}}],"collection":[{"href":"https:\/\/acriv.org\/WP\/wp-json\/wp\/v2\/pages"}],"about":[{"href":"https:\/\/acriv.org\/WP\/wp-json\/wp\/v2\/types\/page"}],"author":[{"embeddable":true,"href":"https:\/\/acriv.org\/WP\/wp-json\/wp\/v2\/users\/1"}],"replies":[{"embeddable":true,"href":"https:\/\/acriv.org\/WP\/wp-json\/wp\/v2\/comments?post=2368"}],"version-history":[{"count":2,"href":"https:\/\/acriv.org\/WP\/wp-json\/wp\/v2\/pages\/2368\/revisions"}],"predecessor-version":[{"id":2370,"href":"https:\/\/acriv.org\/WP\/wp-json\/wp\/v2\/pages\/2368\/revisions\/2370"}],"wp:attachment":[{"href":"https:\/\/acriv.org\/WP\/wp-json\/wp\/v2\/media?parent=2368"}],"curies":[{"name":"wp","href":"https:\/\/api.w.org\/{rel}","templated":true}]}}