{"id":238,"date":"2022-03-31T01:42:29","date_gmt":"2022-03-30T23:42:29","guid":{"rendered":"http:\/\/acriv.org\/WP\/?page_id=238"},"modified":"2022-03-31T01:42:29","modified_gmt":"2022-03-30T23:42:29","slug":"mentions-legales","status":"publish","type":"page","link":"https:\/\/acriv.org\/WP\/mentions-legales\/","title":{"rendered":"Mentions l\u00e9gales"},"content":{"rendered":"\n<h2 class=\"wp-block-heading\"><strong>Pr\u00e9sentation :<\/strong><\/h2>\n\n\n\n<p>Le site \u00ab http:\/\/www.acriv.org \u00bb est un site d\u2019information soumis aux lois fran\u00e7aises en vigueur et aux pr\u00e9sentes conditions d\u2019utilisation.<\/p>\n\n\n\n<p>Ce site s\u2019adresse aux internautes adh\u00e9rents ou non-adh\u00e9rents de l\u2019A\u00e9ro Club de Rennes Ille et Vilaine (ACRIV).<\/p>\n\n\n\n<p>Les internautes acceptent les conditions d\u2019utilisation \u00e9nonc\u00e9es ci-apr\u00e8s.<\/p>\n\n\n\n<h2 class=\"wp-block-heading\"><strong>\u00c9diteur du site Internet :<\/strong><\/h2>\n\n\n\n<p>Le site Internet accessible \u00e0 l\u2019URL \u00ab https:\/\/www.acriv.org \u00bb est \u00e9dit\u00e9 par l\u2019association A\u00e9roclub de Rennes Ille et Vilaine d\u00e9nomm\u00e9e ci-apr\u00e8s \u00ab ACRIV\u00bb, soumise \u00e0 la loi du 1<sup>er<\/sup> juillet 1901 et \u00e0 son d\u00e9cret du 16 ao\u00fbt 1901, et dont le si\u00e8ge social est domicili\u00e9 \u00e0\u00a0 l&rsquo;A\u00e9roport Joseph Le Brix\u00a0\u2013\u00a035136 Saint Jacques de la Lande<\/p>\n\n\n\n<p><\/p>\n\n\n\n<h2 class=\"wp-block-heading\"><strong>D\u00e9veloppeur &amp; Webmaster\u00a0:<\/strong><\/h2>\n\n\n\n<p>ACRIV<\/p>\n\n\n\n<h2 class=\"wp-block-heading\"><strong>H\u00e9bergeur :<\/strong><\/h2>\n\n\n\n<p>OVH<\/p>\n\n\n\n<h2 class=\"wp-block-heading\"><strong>Informations mises \u00e0 disposition :<\/strong><\/h2>\n\n\n\n<p>Le contenu mis \u00e0 disposition sur le site est propos\u00e9 \u00e0 titre informatif et est susceptible d\u2019\u00eatre modifi\u00e9 sans pr\u00e9avis. Ces contenus ne pr\u00e9valent pas et ne remplacent pas l&rsquo;ensemble des documents avion officiels disponibles au club.<\/p>\n\n\n\n<p>Il fait l\u2019objet de v\u00e9rifications r\u00e9guli\u00e8res pour actualiser les informations qui y figurent et garantir leur fiabilit\u00e9.. Toutefois, l\u2019ACRIV ne peut \u00eatre tenu pour responsable des \u00e9ventuelles erreurs ou omissions, \u00a0ainsi que des cons\u00e9quences qui pourraient d\u00e9couler de l\u2019usage de ces informations. De m\u00eame, il n\u2019assume aucune responsabilit\u00e9 pour le cas d\u2019une mauvaise utilisation du site ou de son indisponibilit\u00e9 temporaire ( maintenance, incident technique\u2026).<\/p>\n\n\n\n<h2 class=\"wp-block-heading\"><strong>Droits de propri\u00e9t\u00e9 intellectuelle :<\/strong><\/h2>\n\n\n\n<p>Le site de l\u2019ACRIV doit \u00eatre consid\u00e9r\u00e9 comme un tout indissociable.<\/p>\n\n\n\n<p>Ce site Internet et son contenu rel\u00e8vent de la l\u00e9gislation fran\u00e7aise sur le droit d\u2019auteur et la propri\u00e9t\u00e9 intellectuelle. Tous les droits de reproduction en ceux compris les repr\u00e9sentations iconographiques et photographiques sont r\u00e9serv\u00e9s.<\/p>\n\n\n\n<p>La reproduction de tout ou partie du site Internet sur un support quel qu\u2019il soit est interdite sauf autorisation expresse du responsable du site et sous r\u00e9serve du respect des trois conditions suivantes :<\/p>\n\n\n\n<ul class=\"wp-block-list\"><li>gratuit\u00e9 de la diffusion,<\/li><li>respect de l\u2019int\u00e9grit\u00e9 des documents reproduits (pas de modifications ni d\u2019alt\u00e9rations),<\/li><li>citation claire et lisible de la source sous la forme suivante: \u201cDocument issu du site Internet \u00ab acriv.org\u00bb\u201c.<\/li><\/ul>\n\n\n\n<p>Le non-respect de ces stipulations constitue une contrefa\u00e7on susceptible d\u2019engager la responsabilit\u00e9 civile et\/ou p\u00e9nale du contrevenant.<\/p>\n\n\n\n<h2 class=\"wp-block-heading\"><strong>Traitement des donn\u00e9es personnelles \u2013 RGPD<\/strong><\/h2>\n\n\n\n<p>La consultation du site Internet ne donne lieu \u00e0 aucun traitement de donn\u00e9es par le club lui m\u00eame. <\/p>\n\n\n\n<h2 class=\"wp-block-heading\"><strong>Cr\u00e9dits photos et vid\u00e9os :<\/strong><\/h2>\n\n\n\n<p>Les photos et vid\u00e9os utilis\u00e9es sur le site Internet appartiennent par l\u2019ACRIV.<\/p>\n\n\n\n<h2 class=\"wp-block-heading\"><strong>Agr\u00e9ments :<\/strong><\/h2>\n\n\n\n<ul class=\"wp-block-list\"><li>L\u2019A\u00e9ro Club de Rennes Ille et vilaine  dispose des agr\u00e9ments suivants :<\/li><li>Affili\u00e9 \u00e0 la F\u00e9d\u00e9ration Fran\u00e7aise A\u00e9ronautique .<\/li><li>ATO <\/li><li>Agr\u00e9\u00e9 Jeunesse et Sports<\/li><\/ul>\n\n\n\n<p><\/p>\n","protected":false},"excerpt":{"rendered":"<p>Pr\u00e9sentation : Le site \u00ab http:\/\/www.acriv.org \u00bb est un site d\u2019information soumis aux lois fran\u00e7aises en vigueur et aux pr\u00e9sentes conditions d\u2019utilisation. Ce site s\u2019adresse aux internautes adh\u00e9rents ou non-adh\u00e9rents de l\u2019A\u00e9ro Club de Rennes Ille et Vilaine (ACRIV). Les internautes acceptent les conditions d\u2019utilisation \u00e9nonc\u00e9es ci-apr\u00e8s. \u00c9diteur du site Internet : Le site Internet accessible \u00e0 l\u2019URL \u00ab https:\/\/www.acriv.org<\/p>\n<p><a class=\"more-link\" href=\"https:\/\/acriv.org\/WP\/mentions-legales\/\">Read More<\/a><\/p>\n","protected":false},"author":1,"featured_media":0,"parent":0,"menu_order":0,"comment_status":"closed","ping_status":"closed","template":"","meta":{"footnotes":""},"class_list":["post-238","page","type-page","status-publish","hentry"],"jetpack_sharing_enabled":true,"_links":{"self":[{"href":"https:\/\/acriv.org\/WP\/wp-json\/wp\/v2\/pages\/238","targetHints":{"allow":["GET"]}}],"collection":[{"href":"https:\/\/acriv.org\/WP\/wp-json\/wp\/v2\/pages"}],"about":[{"href":"https:\/\/acriv.org\/WP\/wp-json\/wp\/v2\/types\/page"}],"author":[{"embeddable":true,"href":"https:\/\/acriv.org\/WP\/wp-json\/wp\/v2\/users\/1"}],"replies":[{"embeddable":true,"href":"https:\/\/acriv.org\/WP\/wp-json\/wp\/v2\/comments?post=238"}],"version-history":[{"count":1,"href":"https:\/\/acriv.org\/WP\/wp-json\/wp\/v2\/pages\/238\/revisions"}],"predecessor-version":[{"id":239,"href":"https:\/\/acriv.org\/WP\/wp-json\/wp\/v2\/pages\/238\/revisions\/239"}],"wp:attachment":[{"href":"https:\/\/acriv.org\/WP\/wp-json\/wp\/v2\/media?parent=238"}],"curies":[{"name":"wp","href":"https:\/\/api.w.org\/{rel}","templated":true}]}}