{"id":247,"date":"2022-03-31T14:05:42","date_gmt":"2022-03-31T12:05:42","guid":{"rendered":"http:\/\/acriv.org\/WP\/?page_id=247"},"modified":"2025-08-25T10:32:25","modified_gmt":"2025-08-25T08:32:25","slug":"liens-utiles","status":"publish","type":"page","link":"https:\/\/acriv.org\/WP\/liens-utiles\/","title":{"rendered":"LIENS UTILES"},"content":{"rendered":"\n<p><strong>Pr\u00e9paration du vol<\/strong><\/p>\n\n\n\n<div class=\"wp-block-buttons is-layout-flex wp-block-buttons-is-layout-flex\">\n<div class=\"wp-block-button is-style-outline is-style-outline--1\"><a class=\"wp-block-button__link wp-element-button\" href=\"https:\/\/www.sia.aviation-civile.gouv.fr\/#\" target=\"_blank\" rel=\"noreferrer noopener\">SIA<\/a><\/div>\n\n\n\n<div class=\"wp-block-button is-style-outline is-style-outline--2\"><a class=\"wp-block-button__link wp-element-button\" href=\"https:\/\/aviation.meteo.fr\/login.php\" target=\"_blank\" rel=\"noreferrer noopener\">AEROWEB<\/a><\/div>\n\n\n\n<div class=\"wp-block-button is-style-outline is-style-outline--3\"><a class=\"wp-block-button__link wp-element-button\" href=\"https:\/\/sofia-briefing.aviation-civile.gouv.fr\/sofia\/pages\/prepavol.html\" target=\"_blank\" rel=\"noreferrer noopener\">SOFIA BRIEFING<\/a><\/div>\n\n\n\n<div class=\"wp-block-button is-style-outline is-style-outline--4\"><a class=\"wp-block-button__link wp-element-button\" href=\"https:\/\/www.geoportail.gouv.fr\/donnees\/carte-oaci-vfr\" target=\"_blank\" rel=\"noreferrer noopener\">CARTE OACI<\/a><\/div>\n\n\n\n<div class=\"wp-block-button is-style-outline is-style-outline--5\"><a class=\"wp-block-button__link wp-element-button\" href=\"https:\/\/www.ffa-aero.fr\/WD170AWP\/WD170Awp.exe\/CONNECT\/SITEFFAPROD?_WWREFERER_=https%3A%2F%2Fwww.ffa-aero.fr%2FSITEFFAPROD%2Ffrm_icarus%2FuBcAAAUP7QFYTG5QQlZ0UUV1FQA&amp;_WWNATION_=5&amp;_WW1STPAGE_=frm_icarus\" target=\"_blank\" rel=\"noreferrer noopener\">ICARUS<\/a><\/div>\n<\/div>\n\n\n\n<p><\/p>\n\n\n\n<div class=\"wp-block-buttons is-layout-flex wp-block-buttons-is-layout-flex\"><\/div>\n\n\n\n<p><strong>.S\u00e9curit\u00e9 du vol<\/strong><\/p>\n\n\n\n<div class=\"wp-block-buttons is-layout-flex wp-block-buttons-is-layout-flex\">\n<div class=\"wp-block-button is-style-outline is-style-outline--6\"><a class=\"wp-block-button__link wp-element-button\" href=\"https:\/\/rexffa.fr\/\" target=\"_blank\" rel=\"noreferrer noopener\">REX FFA<\/a><\/div>\n\n\n\n<div class=\"wp-block-button is-style-outline is-style-outline--7\"><a class=\"wp-block-button__link wp-element-button\" href=\"https:\/\/www.ecologie.gouv.fr\/politiques-publiques\/aptitude-aeromedicale-personnels-navigants\" target=\"_blank\" rel=\"noreferrer noopener\">MEDECIN AERO<\/a><\/div>\n\n\n\n<div class=\"wp-block-button is-style-outline is-style-outline--8\"><a class=\"wp-block-button__link wp-element-button\" href=\"https:\/\/www.securitedesvols.aero\/\" target=\"_blank\" rel=\"noreferrer noopener\">PORTAIL SECURITE AVIATION LEGERE<\/a><\/div>\n<\/div>\n\n\n\n<p><\/p>\n\n\n\n<p><strong>Divers<\/strong><\/p>\n\n\n\n<div class=\"wp-block-buttons is-layout-flex wp-block-buttons-is-layout-flex\">\n<div class=\"wp-block-button is-style-outline is-style-outline--9\"><a class=\"wp-block-button__link wp-element-button\" href=\"https:\/\/sigebelext.aviation-civile.gouv.fr\/sigebelext\/identificationpn.htm\" target=\"_blank\" rel=\"noreferrer noopener\">SIGEBEL<\/a><\/div>\n\n\n\n<div class=\"wp-block-button is-style-outline is-style-outline--10\"><a class=\"wp-block-button__link wp-element-button\" href=\"https:\/\/immat.aviation-civile.gouv.fr\/immat\/servlet\/aeronef_liste.html\" target=\"_blank\" rel=\"noreferrer noopener\">REGISTRE IMMAT<\/a><\/div>\n\n\n\n<div class=\"wp-block-button is-style-outline is-style-outline--11\"><a class=\"wp-block-button__link wp-element-button\" href=\"https:\/\/skyvector.com\/\" target=\"_blank\" rel=\"noreferrer noopener\">SKYVECTOR<\/a><\/div>\n\n\n\n<div class=\"wp-block-button is-style-outline is-style-outline--12\"><a class=\"wp-block-button__link wp-element-button\" href=\"https:\/\/www.winds-up.com\/aeroport-rennes-3194-observations-releves-vent.html\" target=\"_blank\" rel=\"noreferrer noopener\">WINDSUP LFRN<\/a><\/div>\n\n\n\n<div class=\"wp-block-button is-style-outline is-style-outline--13\"><a class=\"wp-block-button__link wp-element-button\" href=\"https:\/\/examens.ffa-aero.fr\/\" target=\"_blank\" rel=\"noreferrer noopener\">SMILE EXAMEN<\/a><\/div>\n\n\n\n<div class=\"wp-block-button is-style-outline is-style-outline--14\"><a class=\"wp-block-button__link wp-element-button\" href=\"https:\/\/smile.ffa-aero.fr\">SMILE PILOTE<\/a><\/div>\n\n\n\n<div class=\"wp-block-button is-style-outline is-style-outline--15\"><a class=\"wp-block-button__link wp-element-button\" href=\"https:\/\/documents.ffa-aero.fr\/Account\/Login\">SMILE DOCUMENTS<\/a><\/div>\n<\/div>\n\n\n\n<p><\/p>\n\n\n\n<div class=\"wp-block-buttons is-layout-flex wp-block-buttons-is-layout-flex\"><\/div>\n\n\n\n<p><\/p>\n","protected":false},"excerpt":{"rendered":"<p>Pr\u00e9paration du vol .S\u00e9curit\u00e9 du vol Divers<\/p>\n","protected":false},"author":1,"featured_media":0,"parent":0,"menu_order":0,"comment_status":"closed","ping_status":"closed","template":"","meta":{"footnotes":""},"class_list":["post-247","page","type-page","status-publish","hentry"],"jetpack_sharing_enabled":true,"_links":{"self":[{"href":"https:\/\/acriv.org\/WP\/wp-json\/wp\/v2\/pages\/247","targetHints":{"allow":["GET"]}}],"collection":[{"href":"https:\/\/acriv.org\/WP\/wp-json\/wp\/v2\/pages"}],"about":[{"href":"https:\/\/acriv.org\/WP\/wp-json\/wp\/v2\/types\/page"}],"author":[{"embeddable":true,"href":"https:\/\/acriv.org\/WP\/wp-json\/wp\/v2\/users\/1"}],"replies":[{"embeddable":true,"href":"https:\/\/acriv.org\/WP\/wp-json\/wp\/v2\/comments?post=247"}],"version-history":[{"count":31,"href":"https:\/\/acriv.org\/WP\/wp-json\/wp\/v2\/pages\/247\/revisions"}],"predecessor-version":[{"id":2241,"href":"https:\/\/acriv.org\/WP\/wp-json\/wp\/v2\/pages\/247\/revisions\/2241"}],"wp:attachment":[{"href":"https:\/\/acriv.org\/WP\/wp-json\/wp\/v2\/media?parent=247"}],"curies":[{"name":"wp","href":"https:\/\/api.w.org\/{rel}","templated":true}]}}