{"id":252,"date":"2022-03-31T14:08:09","date_gmt":"2022-03-31T12:08:09","guid":{"rendered":"http:\/\/acriv.org\/WP\/?page_id=252"},"modified":"2022-03-31T18:48:36","modified_gmt":"2022-03-31T16:48:36","slug":"nos-infrastructures","status":"publish","type":"page","link":"https:\/\/acriv.org\/WP\/nos-infrastructures\/","title":{"rendered":"NOS INFRASTRUCTURES"},"content":{"rendered":"\n<p>Situ\u00e9s au c\u0153ur de la plateforme a\u00e9roportuaire de Rennes (LFRN), les locaux de l&rsquo;ACRIV disposent d&rsquo;un acc\u00e8s directe aux pistes et \u00e0 tous les services pr\u00e9sents sur le site (Douanes, Avitaillement, Snack, Restauration, Contr\u00f4le&#8230; ).<\/p>\n\n\n\n<p>Notre b\u00e2timent principale dispose de bureaux instructeurs, de salles de Briefing (instructeur &#8211;  \u00e9l\u00e8ve), d&rsquo;une salle de d\u00e9part en vol ainsi que d&rsquo;espaces d\u00e9tente et convivialit\u00e9. Deux grandes salles p\u00e9dagogiques \u00e9quip\u00e9es de projecteurs sont \u00e9galement disponibles au rez de chauss\u00e9e et au premier \u00e9tage offrant l&rsquo;acc\u00e8s \u00e0 notre terrasse vue pistes.<\/p>\n\n\n\n<p>A ces infrastructures s&rsquo;ajoutent le mat\u00e9riel informatique mis a disposition pour la pr\u00e9paration des vols et l&rsquo;espace simulateur certifi\u00e9 AL50.<\/p>\n\n\n\n<div class=\"wp-block-image is-style-rounded\"><figure class=\"aligncenter size-full\"><img loading=\"lazy\" decoding=\"async\" width=\"960\" height=\"416\" src=\"https:\/\/acriv.org\/WP\/wp-content\/uploads\/2022\/03\/new_bat_oies_01.jpg\" alt=\"\" class=\"wp-image-301\" srcset=\"https:\/\/acriv.org\/WP\/wp-content\/uploads\/2022\/03\/new_bat_oies_01.jpg 960w, https:\/\/acriv.org\/WP\/wp-content\/uploads\/2022\/03\/new_bat_oies_01-300x130.jpg 300w, https:\/\/acriv.org\/WP\/wp-content\/uploads\/2022\/03\/new_bat_oies_01-768x333.jpg 768w, https:\/\/acriv.org\/WP\/wp-content\/uploads\/2022\/03\/new_bat_oies_01-800x347.jpg 800w\" sizes=\"auto, (max-width: 960px) 100vw, 960px\" \/><figcaption>L&rsquo;a\u00e9roclub de Rennes Ille et Vilaine<\/figcaption><\/figure><\/div>\n\n\n\n<figure class=\"wp-block-gallery has-nested-images columns-default is-cropped wp-block-gallery-1 is-layout-flex wp-block-gallery-is-layout-flex\">\n<figure class=\"wp-block-image size-large is-style-rounded\"><img loading=\"lazy\" decoding=\"async\" width=\"1024\" height=\"719\" data-id=\"284\" src=\"https:\/\/acriv.org\/WP\/wp-content\/uploads\/2022\/03\/al50_06_1.jpg\" alt=\"\" class=\"wp-image-284\" srcset=\"https:\/\/acriv.org\/WP\/wp-content\/uploads\/2022\/03\/al50_06_1.jpg 1024w, https:\/\/acriv.org\/WP\/wp-content\/uploads\/2022\/03\/al50_06_1-300x211.jpg 300w, https:\/\/acriv.org\/WP\/wp-content\/uploads\/2022\/03\/al50_06_1-768x539.jpg 768w, https:\/\/acriv.org\/WP\/wp-content\/uploads\/2022\/03\/al50_06_1-800x562.jpg 800w\" sizes=\"auto, (max-width: 1024px) 100vw, 1024px\" \/><figcaption>Simulateur AL50<\/figcaption><\/figure>\n\n\n\n<figure class=\"wp-block-image size-large is-style-rounded\"><img loading=\"lazy\" decoding=\"async\" width=\"647\" height=\"483\" data-id=\"282\" src=\"https:\/\/acriv.org\/WP\/wp-content\/uploads\/2022\/03\/al50_03.jpg\" alt=\"\" class=\"wp-image-282\" srcset=\"https:\/\/acriv.org\/WP\/wp-content\/uploads\/2022\/03\/al50_03.jpg 647w, https:\/\/acriv.org\/WP\/wp-content\/uploads\/2022\/03\/al50_03-300x224.jpg 300w, https:\/\/acriv.org\/WP\/wp-content\/uploads\/2022\/03\/al50_03-400x300.jpg 400w\" sizes=\"auto, (max-width: 647px) 100vw, 647px\" \/><figcaption>Simulateur AL50<\/figcaption><\/figure>\n\n\n\n<figure class=\"wp-block-image size-large is-style-rounded\"><img loading=\"lazy\" decoding=\"async\" width=\"800\" height=\"600\" data-id=\"281\" src=\"https:\/\/acriv.org\/WP\/wp-content\/uploads\/2022\/03\/new-club_14.jpg\" alt=\"\" class=\"wp-image-281\" srcset=\"https:\/\/acriv.org\/WP\/wp-content\/uploads\/2022\/03\/new-club_14.jpg 800w, https:\/\/acriv.org\/WP\/wp-content\/uploads\/2022\/03\/new-club_14-300x225.jpg 300w, https:\/\/acriv.org\/WP\/wp-content\/uploads\/2022\/03\/new-club_14-768x576.jpg 768w, https:\/\/acriv.org\/WP\/wp-content\/uploads\/2022\/03\/new-club_14-400x300.jpg 400w\" sizes=\"auto, (max-width: 800px) 100vw, 800px\" \/><figcaption>Espace d\u00e9tente<\/figcaption><\/figure>\n\n\n\n<figure class=\"wp-block-image size-large is-style-rounded\"><img loading=\"lazy\" decoding=\"async\" width=\"800\" height=\"600\" data-id=\"280\" src=\"https:\/\/acriv.org\/WP\/wp-content\/uploads\/2022\/03\/new-club_09.jpg\" alt=\"\" class=\"wp-image-280\" srcset=\"https:\/\/acriv.org\/WP\/wp-content\/uploads\/2022\/03\/new-club_09.jpg 800w, https:\/\/acriv.org\/WP\/wp-content\/uploads\/2022\/03\/new-club_09-300x225.jpg 300w, https:\/\/acriv.org\/WP\/wp-content\/uploads\/2022\/03\/new-club_09-768x576.jpg 768w, https:\/\/acriv.org\/WP\/wp-content\/uploads\/2022\/03\/new-club_09-400x300.jpg 400w\" sizes=\"auto, (max-width: 800px) 100vw, 800px\" \/><figcaption>Salle de formation<\/figcaption><\/figure>\n\n\n\n<figure class=\"wp-block-image size-large is-style-rounded\"><img loading=\"lazy\" decoding=\"async\" width=\"800\" height=\"600\" data-id=\"279\" src=\"https:\/\/acriv.org\/WP\/wp-content\/uploads\/2022\/03\/new-club_07.jpg\" alt=\"\" class=\"wp-image-279\" srcset=\"https:\/\/acriv.org\/WP\/wp-content\/uploads\/2022\/03\/new-club_07.jpg 800w, https:\/\/acriv.org\/WP\/wp-content\/uploads\/2022\/03\/new-club_07-300x225.jpg 300w, https:\/\/acriv.org\/WP\/wp-content\/uploads\/2022\/03\/new-club_07-768x576.jpg 768w, https:\/\/acriv.org\/WP\/wp-content\/uploads\/2022\/03\/new-club_07-400x300.jpg 400w\" sizes=\"auto, (max-width: 800px) 100vw, 800px\" \/><figcaption>Espace d\u00e9tente et pr\u00e9paration 1er \u00e9tage<\/figcaption><\/figure>\n\n\n\n<figure class=\"wp-block-image size-large is-style-rounded\"><img loading=\"lazy\" decoding=\"async\" width=\"2560\" height=\"1707\" data-id=\"82\" src=\"https:\/\/acriv.org\/WP\/wp-content\/uploads\/2022\/03\/HFCWE8241-2-scaled.jpg\" alt=\"\" class=\"wp-image-82\" srcset=\"https:\/\/acriv.org\/WP\/wp-content\/uploads\/2022\/03\/HFCWE8241-2-scaled.jpg 2560w, https:\/\/acriv.org\/WP\/wp-content\/uploads\/2022\/03\/HFCWE8241-2-300x200.jpg 300w, https:\/\/acriv.org\/WP\/wp-content\/uploads\/2022\/03\/HFCWE8241-2-1024x683.jpg 1024w, https:\/\/acriv.org\/WP\/wp-content\/uploads\/2022\/03\/HFCWE8241-2-768x512.jpg 768w, https:\/\/acriv.org\/WP\/wp-content\/uploads\/2022\/03\/HFCWE8241-2-1536x1024.jpg 1536w, https:\/\/acriv.org\/WP\/wp-content\/uploads\/2022\/03\/HFCWE8241-2-2048x1365.jpg 2048w, https:\/\/acriv.org\/WP\/wp-content\/uploads\/2022\/03\/HFCWE8241-2-800x533.jpg 800w\" sizes=\"auto, (max-width: 2560px) 100vw, 2560px\" \/><figcaption>Terrasse panoramique<\/figcaption><\/figure>\n<\/figure>\n","protected":false},"excerpt":{"rendered":"<p>Situ\u00e9s au c\u0153ur de la plateforme a\u00e9roportuaire de Rennes (LFRN), les locaux de l&rsquo;ACRIV disposent d&rsquo;un acc\u00e8s directe aux pistes et \u00e0 tous les services pr\u00e9sents sur le site (Douanes, Avitaillement, Snack, Restauration, Contr\u00f4le&#8230; ). Notre b\u00e2timent principale dispose de bureaux instructeurs, de salles de Briefing (instructeur &#8211; \u00e9l\u00e8ve), d&rsquo;une salle de d\u00e9part en vol ainsi que d&rsquo;espaces d\u00e9tente et<\/p>\n<p><a class=\"more-link\" href=\"https:\/\/acriv.org\/WP\/nos-infrastructures\/\">Read More<\/a><\/p>\n","protected":false},"author":1,"featured_media":0,"parent":0,"menu_order":0,"comment_status":"closed","ping_status":"closed","template":"","meta":{"footnotes":""},"class_list":["post-252","page","type-page","status-publish","hentry"],"jetpack_sharing_enabled":true,"_links":{"self":[{"href":"https:\/\/acriv.org\/WP\/wp-json\/wp\/v2\/pages\/252","targetHints":{"allow":["GET"]}}],"collection":[{"href":"https:\/\/acriv.org\/WP\/wp-json\/wp\/v2\/pages"}],"about":[{"href":"https:\/\/acriv.org\/WP\/wp-json\/wp\/v2\/types\/page"}],"author":[{"embeddable":true,"href":"https:\/\/acriv.org\/WP\/wp-json\/wp\/v2\/users\/1"}],"replies":[{"embeddable":true,"href":"https:\/\/acriv.org\/WP\/wp-json\/wp\/v2\/comments?post=252"}],"version-history":[{"count":3,"href":"https:\/\/acriv.org\/WP\/wp-json\/wp\/v2\/pages\/252\/revisions"}],"predecessor-version":[{"id":304,"href":"https:\/\/acriv.org\/WP\/wp-json\/wp\/v2\/pages\/252\/revisions\/304"}],"wp:attachment":[{"href":"https:\/\/acriv.org\/WP\/wp-json\/wp\/v2\/media?parent=252"}],"curies":[{"name":"wp","href":"https:\/\/api.w.org\/{rel}","templated":true}]}}