{"id":2658,"date":"2025-12-10T18:15:23","date_gmt":"2025-12-10T17:15:23","guid":{"rendered":"https:\/\/acriv.org\/WP\/?page_id=2658"},"modified":"2025-12-10T18:20:46","modified_gmt":"2025-12-10T17:20:46","slug":"la-boutique-acriv","status":"publish","type":"page","link":"https:\/\/acriv.org\/WP\/la-boutique-acriv\/","title":{"rendered":"\ud83c\udf81 LA BOUTIQUE ACRIV"},"content":{"rendered":"<div class=\"wp-block-image\">\n<figure class=\"aligncenter is-resized\"><img decoding=\"async\" src=\"https:\/\/acriv.kalissa.io\/cdn\/shop\/files\/Design_sans_titre_95.png?v=1763400176&amp;width=1500\" alt=\"\" style=\"width:218px;height:auto\"\/><\/figure>\n<\/div>\n\n\n<p class=\"has-text-align-center\"><\/p>\n\n\n\n<h1 class=\"wp-block-heading has-text-align-center has-black-color has-text-color has-link-color wp-elements-b70022bd0e6f7eac771ced4c705cc9b3\"><a href=\"https:\/\/acriv.kalissa.io\/\" target=\"_blank\" rel=\"noreferrer noopener\">\ud83d\udd17 LA BOUTIQUE ACRIV \ud83d\udd17<\/a><\/h1>\n\n\n<div class=\"wp-block-image\">\n<figure class=\"aligncenter size-full is-resized\"><img loading=\"lazy\" decoding=\"async\" width=\"938\" height=\"825\" src=\"https:\/\/acriv.org\/WP\/wp-content\/uploads\/2025\/12\/image-7.png\" alt=\"\" class=\"wp-image-2666\" style=\"width:252px;height:auto\" srcset=\"https:\/\/acriv.org\/WP\/wp-content\/uploads\/2025\/12\/image-7.png 938w, https:\/\/acriv.org\/WP\/wp-content\/uploads\/2025\/12\/image-7-300x264.png 300w, https:\/\/acriv.org\/WP\/wp-content\/uploads\/2025\/12\/image-7-768x675.png 768w, https:\/\/acriv.org\/WP\/wp-content\/uploads\/2025\/12\/image-7-800x704.png 800w, https:\/\/acriv.org\/WP\/wp-content\/uploads\/2025\/12\/image-7-341x300.png 341w, https:\/\/acriv.org\/WP\/wp-content\/uploads\/2025\/12\/image-7-310x273.png 310w, https:\/\/acriv.org\/WP\/wp-content\/uploads\/2025\/12\/image-7-119x105.png 119w\" sizes=\"auto, (max-width: 938px) 100vw, 938px\" \/><\/figure>\n<\/div>\n\n\n<p class=\"has-text-align-center\">\u00ab\u00a0Le site marchand proposant des articles aux couleurs de l&rsquo;ACRIV est un site externe au club, totalement ind\u00e9pendant, sans aucune relation directe avec l&rsquo;ACRIV. Ce partenariat a \u00e9t\u00e9 initi\u00e9 par le club, qui d\u00e9cline toute responsabilit\u00e9 concernant les transactions et le contenu. Le club a uniquement autoris\u00e9 l&rsquo;utilisation de ses armoiries \u00e0 des fins de production d&rsquo;articles.\u00a0\u00bb<\/p>\n","protected":false},"excerpt":{"rendered":"<p>\ud83d\udd17 LA BOUTIQUE ACRIV \ud83d\udd17 \u00ab\u00a0Le site marchand proposant des articles aux couleurs de l&rsquo;ACRIV est un site externe au club, totalement ind\u00e9pendant, sans aucune relation directe avec l&rsquo;ACRIV. Ce partenariat a \u00e9t\u00e9 initi\u00e9 par le club, qui d\u00e9cline toute responsabilit\u00e9 concernant les transactions et le contenu. Le club a uniquement autoris\u00e9 l&rsquo;utilisation de ses armoiries \u00e0 des fins de<\/p>\n<p><a class=\"more-link\" href=\"https:\/\/acriv.org\/WP\/la-boutique-acriv\/\">Read More<\/a><\/p>\n","protected":false},"author":1,"featured_media":0,"parent":0,"menu_order":0,"comment_status":"closed","ping_status":"closed","template":"","meta":{"footnotes":""},"class_list":["post-2658","page","type-page","status-publish","hentry"],"jetpack_sharing_enabled":true,"_links":{"self":[{"href":"https:\/\/acriv.org\/WP\/wp-json\/wp\/v2\/pages\/2658","targetHints":{"allow":["GET"]}}],"collection":[{"href":"https:\/\/acriv.org\/WP\/wp-json\/wp\/v2\/pages"}],"about":[{"href":"https:\/\/acriv.org\/WP\/wp-json\/wp\/v2\/types\/page"}],"author":[{"embeddable":true,"href":"https:\/\/acriv.org\/WP\/wp-json\/wp\/v2\/users\/1"}],"replies":[{"embeddable":true,"href":"https:\/\/acriv.org\/WP\/wp-json\/wp\/v2\/comments?post=2658"}],"version-history":[{"count":3,"href":"https:\/\/acriv.org\/WP\/wp-json\/wp\/v2\/pages\/2658\/revisions"}],"predecessor-version":[{"id":2670,"href":"https:\/\/acriv.org\/WP\/wp-json\/wp\/v2\/pages\/2658\/revisions\/2670"}],"wp:attachment":[{"href":"https:\/\/acriv.org\/WP\/wp-json\/wp\/v2\/media?parent=2658"}],"curies":[{"name":"wp","href":"https:\/\/api.w.org\/{rel}","templated":true}]}}