{"id":2690,"date":"2026-01-08T22:22:25","date_gmt":"2026-01-08T21:22:25","guid":{"rendered":"https:\/\/acriv.org\/WP\/?page_id=2690"},"modified":"2026-01-08T22:26:54","modified_gmt":"2026-01-08T21:26:54","slug":"%f0%9f%92%b2cout-de-lheure-de-vol","status":"publish","type":"page","link":"https:\/\/acriv.org\/WP\/%f0%9f%92%b2cout-de-lheure-de-vol\/","title":{"rendered":"\ud83d\udcb2COUT DE L&rsquo;HEURE DE VOL"},"content":{"rendered":"\n<p>Le co\u00fbt d\u2019une heure de vol en avion l\u00e9ger r\u00e9sulte de l\u2019ensemble des charges n\u00e9cessaires \u00e0 une exploitation s\u00fbre et r\u00e9glementaire. Il inclut notamment le carburant, la maintenance, les contr\u00f4les obligatoires, l\u2019assurance et l\u2019amortissement de l\u2019appareil. Ces d\u00e9penses sont indispensables pour garantir la s\u00e9curit\u00e9 des vols et la disponibilit\u00e9 des a\u00e9ronefs.<\/p>\n\n\n\n<p>Les montants indiqu\u00e9s sont fournis \u00e0 titre indicatif, \u00e9tablis sur la base de valeurs moyennes constat\u00e9es et susceptibles d\u2019\u00e9voluer en fonction des variations des postes de co\u00fbts (carburant, assurance, maintenance), pour une heure de vol d&rsquo;exemple \u00e0 200 \u20ac.<\/p>\n\n\n\n<figure class=\"wp-block-image size-large\"><img loading=\"lazy\" decoding=\"async\" width=\"1024\" height=\"576\" src=\"https:\/\/acriv.org\/WP\/wp-content\/uploads\/2026\/01\/COUT-HEURE-DE-VOL-2-1024x576.jpg\" alt=\"\" class=\"wp-image-2695\" srcset=\"https:\/\/acriv.org\/WP\/wp-content\/uploads\/2026\/01\/COUT-HEURE-DE-VOL-2-1024x576.jpg 1024w, https:\/\/acriv.org\/WP\/wp-content\/uploads\/2026\/01\/COUT-HEURE-DE-VOL-2-300x169.jpg 300w, https:\/\/acriv.org\/WP\/wp-content\/uploads\/2026\/01\/COUT-HEURE-DE-VOL-2-768x432.jpg 768w, https:\/\/acriv.org\/WP\/wp-content\/uploads\/2026\/01\/COUT-HEURE-DE-VOL-2-800x450.jpg 800w, https:\/\/acriv.org\/WP\/wp-content\/uploads\/2026\/01\/COUT-HEURE-DE-VOL-2-533x300.jpg 533w, https:\/\/acriv.org\/WP\/wp-content\/uploads\/2026\/01\/COUT-HEURE-DE-VOL-2-310x174.jpg 310w, https:\/\/acriv.org\/WP\/wp-content\/uploads\/2026\/01\/COUT-HEURE-DE-VOL-2-150x84.jpg 150w, https:\/\/acriv.org\/WP\/wp-content\/uploads\/2026\/01\/COUT-HEURE-DE-VOL-2.jpg 1280w\" sizes=\"auto, (max-width: 1024px) 100vw, 1024px\" \/><\/figure>\n\n\n\n<p><\/p>\n","protected":false},"excerpt":{"rendered":"<p>Le co\u00fbt d\u2019une heure de vol en avion l\u00e9ger r\u00e9sulte de l\u2019ensemble des charges n\u00e9cessaires \u00e0 une exploitation s\u00fbre et r\u00e9glementaire. Il inclut notamment le carburant, la maintenance, les contr\u00f4les obligatoires, l\u2019assurance et l\u2019amortissement de l\u2019appareil. Ces d\u00e9penses sont indispensables pour garantir la s\u00e9curit\u00e9 des vols et la disponibilit\u00e9 des a\u00e9ronefs. Les montants indiqu\u00e9s sont fournis \u00e0 titre indicatif, \u00e9tablis<\/p>\n<p><a class=\"more-link\" href=\"https:\/\/acriv.org\/WP\/%f0%9f%92%b2cout-de-lheure-de-vol\/\">Read More<\/a><\/p>\n","protected":false},"author":1,"featured_media":0,"parent":0,"menu_order":0,"comment_status":"closed","ping_status":"closed","template":"","meta":{"footnotes":""},"class_list":["post-2690","page","type-page","status-publish","hentry"],"jetpack_sharing_enabled":true,"_links":{"self":[{"href":"https:\/\/acriv.org\/WP\/wp-json\/wp\/v2\/pages\/2690","targetHints":{"allow":["GET"]}}],"collection":[{"href":"https:\/\/acriv.org\/WP\/wp-json\/wp\/v2\/pages"}],"about":[{"href":"https:\/\/acriv.org\/WP\/wp-json\/wp\/v2\/types\/page"}],"author":[{"embeddable":true,"href":"https:\/\/acriv.org\/WP\/wp-json\/wp\/v2\/users\/1"}],"replies":[{"embeddable":true,"href":"https:\/\/acriv.org\/WP\/wp-json\/wp\/v2\/comments?post=2690"}],"version-history":[{"count":3,"href":"https:\/\/acriv.org\/WP\/wp-json\/wp\/v2\/pages\/2690\/revisions"}],"predecessor-version":[{"id":2697,"href":"https:\/\/acriv.org\/WP\/wp-json\/wp\/v2\/pages\/2690\/revisions\/2697"}],"wp:attachment":[{"href":"https:\/\/acriv.org\/WP\/wp-json\/wp\/v2\/media?parent=2690"}],"curies":[{"name":"wp","href":"https:\/\/api.w.org\/{rel}","templated":true}]}}