{"id":2786,"date":"2026-02-18T17:14:46","date_gmt":"2026-02-18T16:14:46","guid":{"rendered":"https:\/\/acriv.org\/WP\/?page_id=2786"},"modified":"2026-02-19T21:31:50","modified_gmt":"2026-02-19T20:31:50","slug":"procedure-de-reservation-dun-vol-sur-aerogest","status":"publish","type":"page","link":"https:\/\/acriv.org\/WP\/procedure-de-reservation-dun-vol-sur-aerogest\/","title":{"rendered":"\ud83d\udd14PROCEDURE AEROGEST"},"content":{"rendered":"\n<h3 class=\"wp-block-heading\">Le logiciel Aerogest est l\u2019outil de r\u00e9f\u00e9rence du club pour la r\u00e9servation des a\u00e9ronefs, la planification de l\u2019activit\u00e9 \u00e9cole et le partage \u00e9quitable de la flotte et des instructeurs.<br>Afin d\u2019en garantir une utilisation efficace et \u00e9quitable, les r\u00e8gles suivantes s\u2019appliquent \u00e0 tous.<\/h3>\n\n\n\n<p class=\"has-text-align-center has-vivid-red-color has-text-color has-link-color wp-elements-7cc1f7dfee5447650b1e3c0a347ee085\"><strong>\u00ab Un avion r\u00e9serv\u00e9, c\u2019est un avion partag\u00e9 : bien r\u00e9server, c\u2019est d\u00e9j\u00e0 bien piloter. \u00bb<\/strong><\/p>\n\n\n\n<hr class=\"wp-block-separator has-alpha-channel-opacity\"\/>\n\n\n\n<h3 class=\"wp-block-heading has-vivid-red-color has-text-color has-link-color wp-elements-41dc6c54ce644fc7474418b326a584bf\"><strong>\u00c9tape 1 \u2013 V\u00e9rification des disponibilit\u00e9s<\/strong><\/h3>\n\n\n\n<p>Avant toute r\u00e9servation, le pilote ou \u00e9l\u00e8ve pilote doit :<\/p>\n\n\n\n<ul class=\"wp-block-list\">\n<li>Identifier sur <strong>Aerogest<\/strong> :\n<ul class=\"wp-block-list\">\n<li>la <strong>disponibilit\u00e9 de l\u2019a\u00e9ronef souhait\u00e9<\/strong>,<\/li>\n\n\n\n<li>la <strong>disponibilit\u00e9 de son instructeur<\/strong> sur le planning graphique.<\/li>\n<\/ul>\n<\/li>\n\n\n\n<li>S\u2019assurer que l\u2019instructeur est <strong>disponible avant et apr\u00e8s le vol<\/strong> afin de couvrir :\n<ul class=\"wp-block-list\">\n<li>le briefing,<\/li>\n\n\n\n<li>le vol,<\/li>\n\n\n\n<li>le d\u00e9briefing.<\/li>\n<\/ul>\n<\/li>\n<\/ul>\n\n\n<div class=\"wp-block-image\">\n<figure class=\"aligncenter size-full is-resized\"><img loading=\"lazy\" decoding=\"async\" width=\"766\" height=\"255\" src=\"https:\/\/acriv.org\/WP\/wp-content\/uploads\/2026\/02\/image-2.png\" alt=\"\" class=\"wp-image-2788\" style=\"width:395px;height:auto\" srcset=\"https:\/\/acriv.org\/WP\/wp-content\/uploads\/2026\/02\/image-2.png 766w, https:\/\/acriv.org\/WP\/wp-content\/uploads\/2026\/02\/image-2-300x100.png 300w, https:\/\/acriv.org\/WP\/wp-content\/uploads\/2026\/02\/image-2-650x216.png 650w, https:\/\/acriv.org\/WP\/wp-content\/uploads\/2026\/02\/image-2-310x103.png 310w, https:\/\/acriv.org\/WP\/wp-content\/uploads\/2026\/02\/image-2-150x50.png 150w\" sizes=\"auto, (max-width: 766px) 100vw, 766px\" \/><figcaption class=\"wp-element-caption\">Mon avion le CC est disponible entre 9h et 10h<\/figcaption><\/figure>\n<\/div>\n\n<div class=\"wp-block-image\">\n<figure class=\"aligncenter size-full is-resized\"><img loading=\"lazy\" decoding=\"async\" width=\"688\" height=\"157\" src=\"https:\/\/acriv.org\/WP\/wp-content\/uploads\/2026\/02\/image-3.png\" alt=\"\" class=\"wp-image-2789\" style=\"width:435px;height:auto\" srcset=\"https:\/\/acriv.org\/WP\/wp-content\/uploads\/2026\/02\/image-3.png 688w, https:\/\/acriv.org\/WP\/wp-content\/uploads\/2026\/02\/image-3-300x68.png 300w, https:\/\/acriv.org\/WP\/wp-content\/uploads\/2026\/02\/image-3-650x148.png 650w, https:\/\/acriv.org\/WP\/wp-content\/uploads\/2026\/02\/image-3-310x71.png 310w, https:\/\/acriv.org\/WP\/wp-content\/uploads\/2026\/02\/image-3-150x34.png 150w\" sizes=\"auto, (max-width: 688px) 100vw, 688px\" \/><figcaption class=\"wp-element-caption\">Mon FI est disponible avant pendant et apr\u00e8s le vol<\/figcaption><\/figure>\n<\/div>\n\n\n<p class=\"has-vivid-red-color has-luminous-vivid-amber-background-color has-text-color has-background has-link-color wp-elements-05e7c51f087af0fc25afdfd4b45873d4\"><strong>\u26a0 Avec mon FI, je me suis accord\u00e9 sur le temps de vol ainsi que de Briefing et Debriefing correspondant \u00e0 l&rsquo;avancement de formation en planifiant ma prochaine s\u00e9ance.<\/strong><\/p>\n\n\n\n<h3 class=\"wp-block-heading has-vivid-red-color has-text-color has-link-color wp-elements-60a6b5c8333d14cc5898ec33a757cd83\"><strong>\u00c9tape 2 \u2013 R\u00e9servation de l\u2019a\u00e9ronef<\/strong><\/h3>\n\n\n\n<ul class=\"wp-block-list\">\n<li>La r\u00e9servation commence par l\u2019<strong>affectation de l\u2019appareil<\/strong> correspondant au temps de pr\u00e9paration et de vol que je souhaite r\u00e9aliser.<\/li>\n\n\n\n<li>Le cr\u00e9neau avion doit \u00eatre r\u00e9serv\u00e9 <strong>au plus proche du besoin r\u00e9el<\/strong>.<\/li>\n<\/ul>\n\n\n\n<p><strong>Exemple :<\/strong><\/p>\n\n\n\n<ul class=\"wp-block-list\">\n<li>R\u00e9servation avion de <strong>09h00 \u00e0 10h00<\/strong>.<\/li>\n\n\n\n<li>Ce cr\u00e9neau inclut :\n<ul class=\"wp-block-list\">\n<li>la pr\u00e9paration de l\u2019avion,<\/li>\n\n\n\n<li>la visite pr\u00e9vol,<\/li>\n\n\n\n<li>le ravitaillement si n\u00e9cessaire,<\/li>\n\n\n\n<li>le vol pr\u00e9vu (45min)<\/li>\n<\/ul>\n<\/li>\n<\/ul>\n\n\n<div class=\"wp-block-image\">\n<figure class=\"aligncenter size-full is-resized\"><img loading=\"lazy\" decoding=\"async\" width=\"945\" height=\"316\" src=\"https:\/\/acriv.org\/WP\/wp-content\/uploads\/2026\/02\/image-4.png\" alt=\"\" class=\"wp-image-2790\" style=\"aspect-ratio:2.9905654996178286;width:488px;height:auto\" srcset=\"https:\/\/acriv.org\/WP\/wp-content\/uploads\/2026\/02\/image-4.png 945w, https:\/\/acriv.org\/WP\/wp-content\/uploads\/2026\/02\/image-4-300x100.png 300w, https:\/\/acriv.org\/WP\/wp-content\/uploads\/2026\/02\/image-4-768x257.png 768w, https:\/\/acriv.org\/WP\/wp-content\/uploads\/2026\/02\/image-4-800x268.png 800w, https:\/\/acriv.org\/WP\/wp-content\/uploads\/2026\/02\/image-4-650x217.png 650w, https:\/\/acriv.org\/WP\/wp-content\/uploads\/2026\/02\/image-4-310x104.png 310w, https:\/\/acriv.org\/WP\/wp-content\/uploads\/2026\/02\/image-4-150x50.png 150w\" sizes=\"auto, (max-width: 945px) 100vw, 945px\" \/><figcaption class=\"wp-element-caption\">Je r\u00e9serve l&rsquo;avion e 9h \u00e0 10h pour 45 min de vol + temps e pr\u00e9paration <\/figcaption><\/figure>\n<\/div>\n\n\n<p class=\"has-vivid-red-color has-luminous-vivid-amber-background-color has-text-color has-background has-link-color wp-elements-57ef899fdbd38d108bb3de8c29ed500d\"><strong>\u26a0 j\u2019adapte le temps de r\u00e9servation e l&rsquo;avion au temps compl\u00e9mentaire n\u00e9cessaire  afin de r\u00e9aliser toutes les \u00e9tapes pr\u00e9paratoires en toute s\u00e9curit\u00e9 et conform\u00e9ment \u00e0 ce qui est attendu avant tout d\u00e9part en vol (SAFETY FIRST)<\/strong><\/p>\n\n\n\n<h3 class=\"wp-block-heading has-vivid-red-color has-text-color has-link-color wp-elements-2893a6a0627005cf15b991419529f2a9\"><strong>\u00c9tape 3 \u2013 Ouverture de la fen\u00eatre de d\u00e9tail<\/strong><\/h3>\n\n\n\n<ul class=\"wp-block-list\">\n<li>Une fois l\u2019appareil r\u00e9serv\u00e9, la <strong>fen\u00eatre de d\u00e9tail de l\u2019enregistrement<\/strong> s\u2019ouvre automatiquement.<\/li>\n\n\n\n<li>Les horaires de <strong>D\u00c9BUT<\/strong> et <strong>FIN<\/strong> affich\u00e9s correspondent <strong>exclusivement \u00e0 la r\u00e9servation avion<\/strong> par laquelle nous avons d\u00e9marr\u00e9 la <strong>r\u00e9servation <\/strong>(ici 09h00\u201310h00).<\/li>\n<\/ul>\n\n\n\n<h3 class=\"wp-block-heading has-vivid-red-color has-text-color has-link-color wp-elements-ba937863dfda47df6b9af0a39b92fc40\"><strong>\u00c9tape 4 \u2013 Param\u00e9trage briefing \/ vol \/ d\u00e9briefing<\/strong><\/h3>\n\n\n\n<ul class=\"wp-block-list\">\n<li>Les temps de <strong>briefing, de vol et de d\u00e9briefing<\/strong> sont d\u00e9finis <strong>en accord pr\u00e9alable avec l\u2019instructeur<\/strong>.<\/li>\n\n\n\n<li>Ces dur\u00e9es sont ensuite saisies et appliqu\u00e9es dans Aerogest.<\/li>\n<\/ul>\n\n\n\n<p><strong>Exemple de param\u00e9trage :<\/strong><\/p>\n\n\n\n<ul class=\"wp-block-list\">\n<li>Briefing : <strong>30 minutes<\/strong><\/li>\n\n\n\n<li>Temps de vol pr\u00e9vu : <strong>45 minutes<\/strong><\/li>\n\n\n\n<li>D\u00e9briefing : <strong>15 minutes<\/strong><\/li>\n<\/ul>\n\n\n<div class=\"wp-block-image\">\n<figure class=\"aligncenter size-full\"><img loading=\"lazy\" decoding=\"async\" width=\"598\" height=\"585\" src=\"https:\/\/acriv.org\/WP\/wp-content\/uploads\/2026\/02\/image-5.png\" alt=\"\" class=\"wp-image-2791\" srcset=\"https:\/\/acriv.org\/WP\/wp-content\/uploads\/2026\/02\/image-5.png 598w, https:\/\/acriv.org\/WP\/wp-content\/uploads\/2026\/02\/image-5-300x293.png 300w, https:\/\/acriv.org\/WP\/wp-content\/uploads\/2026\/02\/image-5-307x300.png 307w, https:\/\/acriv.org\/WP\/wp-content\/uploads\/2026\/02\/image-5-310x303.png 310w, https:\/\/acriv.org\/WP\/wp-content\/uploads\/2026\/02\/image-5-107x105.png 107w\" sizes=\"auto, (max-width: 598px) 100vw, 598px\" \/><figcaption class=\"wp-element-caption\">J&rsquo;ajoute un temps de Briefing \/ debriefing et Temps de vol indicatif \u00e0 ma r\u00e9servation.<\/figcaption><\/figure>\n<\/div>\n\n\n<h3 class=\"wp-block-heading has-vivid-red-color has-text-color has-link-color wp-elements-709a5443bb0a3c69aa852daf8d3ea50d\"><strong>\u00c9tape 5 \u2013 Logique de coh\u00e9rence de la r\u00e9servation<\/strong><\/h3>\n\n\n\n<ul class=\"wp-block-list\">\n<li>Dans cet exemple :\n<ul class=\"wp-block-list\">\n<li>l\u2019<strong>avion est r\u00e9serv\u00e9 1 heure<\/strong>,<\/li>\n\n\n\n<li>le <strong>temps de vol r\u00e9el estim\u00e9 est de 45 minutes<\/strong>.<\/li>\n\n\n\n<li>Mon instructeur est r\u00e9serv\u00e9 pour un temps de Briefing (30min) et D\u00e9briefing (15min)<\/li>\n<\/ul>\n<\/li>\n\n\n\n<li>La diff\u00e9rence constitue une <strong>marge op\u00e9rationnelle indispensable<\/strong> pour :\n<ul class=\"wp-block-list\">\n<li>la visite pr\u00e9vol,<\/li>\n\n\n\n<li>le plein carburant,<\/li>\n\n\n\n<li>la mise en route et les actions sol.<\/li>\n<\/ul>\n<\/li>\n\n\n\n<li>V\u00e9rification visuelle\n<ul class=\"wp-block-list\">\n<li>Le temps avion et instructeur apparait en JAUNE sur le planning<\/li>\n\n\n\n<li>Le temps briefing et d\u00e9briefing est lui en JAUNE TRANSPARENT et bien distinct de la r\u00e9servation de l&rsquo;avion disponible pour d&rsquo;autres \u00e9l\u00e8ves ou moi lors de ma prochaine r\u00e9servation.<\/li>\n<\/ul>\n<\/li>\n<\/ul>\n\n\n<div class=\"wp-block-image\">\n<figure class=\"aligncenter size-full is-resized\"><img loading=\"lazy\" decoding=\"async\" width=\"830\" height=\"341\" src=\"https:\/\/acriv.org\/WP\/wp-content\/uploads\/2026\/02\/image-8.png\" alt=\"\" class=\"wp-image-2794\" style=\"width:636px;height:auto\" srcset=\"https:\/\/acriv.org\/WP\/wp-content\/uploads\/2026\/02\/image-8.png 830w, https:\/\/acriv.org\/WP\/wp-content\/uploads\/2026\/02\/image-8-300x123.png 300w, https:\/\/acriv.org\/WP\/wp-content\/uploads\/2026\/02\/image-8-768x316.png 768w, https:\/\/acriv.org\/WP\/wp-content\/uploads\/2026\/02\/image-8-800x329.png 800w, https:\/\/acriv.org\/WP\/wp-content\/uploads\/2026\/02\/image-8-650x267.png 650w, https:\/\/acriv.org\/WP\/wp-content\/uploads\/2026\/02\/image-8-310x127.png 310w, https:\/\/acriv.org\/WP\/wp-content\/uploads\/2026\/02\/image-8-150x62.png 150w\" sizes=\"auto, (max-width: 830px) 100vw, 830px\" \/><\/figure>\n<\/div>\n\n\n<p class=\"has-text-align-center\">La r\u00e9servation est conforme AVION + FI  et inique bien un temps de Briefing et Debriefing<\/p>\n\n\n\n<p class=\"has-vivid-red-color has-luminous-vivid-amber-background-color has-text-color has-background has-link-color wp-elements-99ee9f6e5b6a18ef7a7c45ddf22291c5\"><strong>\u26a0 j&rsquo;ai donc dissoci\u00e9 le temps d&rsquo;immobilisation de l&rsquo;avion (Pr\u00e9paration + Vol) correspondant \u00e0 ma session du jour et pu profiter du temps instructeur n\u00e9cessaire en ajoutant un temps de Briefing et Debriefing.<\/strong><\/p>\n\n\n\n<p class=\"has-text-align-center has-vivid-red-color has-text-color has-link-color wp-elements-3e61946185a79bf1756a261e4fe08e38\"><strong>\u00ab Merci \u00e0 tous les pilotes et \u00e9l\u00e8ves pilotes pour leur vigilance ; n\u2019h\u00e9sitez pas \u00e0 vous rapprocher de votre FI pour b\u00e9n\u00e9ficier de ses conseils et, ensemble, mieux planifier vos prochains vols. \u00bb<\/strong><\/p>\n\n\n\n<p><\/p>\n","protected":false},"excerpt":{"rendered":"<p>Le logiciel Aerogest est l\u2019outil de r\u00e9f\u00e9rence du club pour la r\u00e9servation des a\u00e9ronefs, la planification de l\u2019activit\u00e9 \u00e9cole et le partage \u00e9quitable de la flotte et des instructeurs.Afin d\u2019en garantir une utilisation efficace et \u00e9quitable, les r\u00e8gles suivantes s\u2019appliquent \u00e0 tous. \u00ab Un avion r\u00e9serv\u00e9, c\u2019est un avion partag\u00e9 : bien r\u00e9server, c\u2019est d\u00e9j\u00e0 bien piloter. \u00bb \u00c9tape 1<\/p>\n<p><a class=\"more-link\" href=\"https:\/\/acriv.org\/WP\/procedure-de-reservation-dun-vol-sur-aerogest\/\">Read More<\/a><\/p>\n","protected":false},"author":1,"featured_media":0,"parent":0,"menu_order":0,"comment_status":"closed","ping_status":"closed","template":"","meta":{"footnotes":""},"class_list":["post-2786","page","type-page","status-publish","hentry"],"jetpack_sharing_enabled":true,"_links":{"self":[{"href":"https:\/\/acriv.org\/WP\/wp-json\/wp\/v2\/pages\/2786","targetHints":{"allow":["GET"]}}],"collection":[{"href":"https:\/\/acriv.org\/WP\/wp-json\/wp\/v2\/pages"}],"about":[{"href":"https:\/\/acriv.org\/WP\/wp-json\/wp\/v2\/types\/page"}],"author":[{"embeddable":true,"href":"https:\/\/acriv.org\/WP\/wp-json\/wp\/v2\/users\/1"}],"replies":[{"embeddable":true,"href":"https:\/\/acriv.org\/WP\/wp-json\/wp\/v2\/comments?post=2786"}],"version-history":[{"count":6,"href":"https:\/\/acriv.org\/WP\/wp-json\/wp\/v2\/pages\/2786\/revisions"}],"predecessor-version":[{"id":2808,"href":"https:\/\/acriv.org\/WP\/wp-json\/wp\/v2\/pages\/2786\/revisions\/2808"}],"wp:attachment":[{"href":"https:\/\/acriv.org\/WP\/wp-json\/wp\/v2\/media?parent=2786"}],"curies":[{"name":"wp","href":"https:\/\/api.w.org\/{rel}","templated":true}]}}