{"id":430,"date":"2022-04-02T15:02:09","date_gmt":"2022-04-02T13:02:09","guid":{"rendered":"https:\/\/acriv.org\/WP\/?page_id=430"},"modified":"2024-01-20T18:21:50","modified_gmt":"2024-01-20T17:21:50","slug":"apres-le-brevet","status":"publish","type":"page","link":"https:\/\/acriv.org\/WP\/apres-le-brevet\/","title":{"rendered":"APRES LE BREVET ?"},"content":{"rendered":"\n<p class=\"has-text-align-center\"><strong>Voltige, Voyages, Vol sur avion de collection, Vol de nuit, Vol en patrouille, Vol aux instruments &#8230;, toutes ces sp\u00e9cialit\u00e9s sont enseign\u00e9es \u00e0 l&rsquo;ACRIV..<\/strong><\/p>\n\n\n\n<figure class=\"wp-block-gallery has-nested-images columns-default is-cropped wp-block-gallery-1 is-layout-flex wp-block-gallery-is-layout-flex\">\n<figure class=\"wp-block-image size-large is-style-rounded\"><img loading=\"lazy\" decoding=\"async\" width=\"1024\" height=\"768\" data-id=\"431\" src=\"https:\/\/acriv.org\/WP\/wp-content\/uploads\/2022\/04\/IMG_2682-1024x768.jpg\" alt=\"\" class=\"wp-image-431\" srcset=\"https:\/\/acriv.org\/WP\/wp-content\/uploads\/2022\/04\/IMG_2682-1024x768.jpg 1024w, https:\/\/acriv.org\/WP\/wp-content\/uploads\/2022\/04\/IMG_2682-300x225.jpg 300w, https:\/\/acriv.org\/WP\/wp-content\/uploads\/2022\/04\/IMG_2682-768x576.jpg 768w, https:\/\/acriv.org\/WP\/wp-content\/uploads\/2022\/04\/IMG_2682-1536x1152.jpg 1536w, https:\/\/acriv.org\/WP\/wp-content\/uploads\/2022\/04\/IMG_2682-800x600.jpg 800w, https:\/\/acriv.org\/WP\/wp-content\/uploads\/2022\/04\/IMG_2682-400x300.jpg 400w, https:\/\/acriv.org\/WP\/wp-content\/uploads\/2022\/04\/IMG_2682.jpg 2016w\" sizes=\"auto, (max-width: 1024px) 100vw, 1024px\" \/><figcaption class=\"wp-element-caption\"> <strong>EFIS<\/strong><\/figcaption><\/figure>\n\n\n\n<figure class=\"wp-block-image size-large is-style-rounded\"><img loading=\"lazy\" decoding=\"async\" width=\"1024\" height=\"768\" data-id=\"436\" src=\"https:\/\/acriv.org\/WP\/wp-content\/uploads\/2022\/04\/IMG_3648-1024x768.jpg\" alt=\"\" class=\"wp-image-436\" srcset=\"https:\/\/acriv.org\/WP\/wp-content\/uploads\/2022\/04\/IMG_3648-1024x768.jpg 1024w, https:\/\/acriv.org\/WP\/wp-content\/uploads\/2022\/04\/IMG_3648-300x225.jpg 300w, https:\/\/acriv.org\/WP\/wp-content\/uploads\/2022\/04\/IMG_3648-768x576.jpg 768w, https:\/\/acriv.org\/WP\/wp-content\/uploads\/2022\/04\/IMG_3648-1536x1152.jpg 1536w, https:\/\/acriv.org\/WP\/wp-content\/uploads\/2022\/04\/IMG_3648-800x600.jpg 800w, https:\/\/acriv.org\/WP\/wp-content\/uploads\/2022\/04\/IMG_3648-400x300.jpg 400w, https:\/\/acriv.org\/WP\/wp-content\/uploads\/2022\/04\/IMG_3648.jpg 2016w\" sizes=\"auto, (max-width: 1024px) 100vw, 1024px\" \/><figcaption class=\"wp-element-caption\"><strong>IFR<\/strong><\/figcaption><\/figure>\n\n\n\n<figure class=\"wp-block-image size-large is-style-rounded\"><img loading=\"lazy\" decoding=\"async\" width=\"1024\" height=\"768\" data-id=\"437\" src=\"https:\/\/acriv.org\/WP\/wp-content\/uploads\/2022\/04\/IMG_2756-1024x768.jpg\" alt=\"\" class=\"wp-image-437\" srcset=\"https:\/\/acriv.org\/WP\/wp-content\/uploads\/2022\/04\/IMG_2756-1024x768.jpg 1024w, https:\/\/acriv.org\/WP\/wp-content\/uploads\/2022\/04\/IMG_2756-300x225.jpg 300w, https:\/\/acriv.org\/WP\/wp-content\/uploads\/2022\/04\/IMG_2756-768x576.jpg 768w, https:\/\/acriv.org\/WP\/wp-content\/uploads\/2022\/04\/IMG_2756-1536x1152.jpg 1536w, https:\/\/acriv.org\/WP\/wp-content\/uploads\/2022\/04\/IMG_2756-2048x1536.jpg 2048w, https:\/\/acriv.org\/WP\/wp-content\/uploads\/2022\/04\/IMG_2756-800x600.jpg 800w, https:\/\/acriv.org\/WP\/wp-content\/uploads\/2022\/04\/IMG_2756-400x300.jpg 400w\" sizes=\"auto, (max-width: 1024px) 100vw, 1024px\" \/><figcaption class=\"wp-element-caption\"><strong>VOYAGES<\/strong><\/figcaption><\/figure>\n\n\n\n<figure class=\"wp-block-image size-large is-style-rounded\"><img loading=\"lazy\" decoding=\"async\" width=\"1024\" height=\"768\" data-id=\"445\" src=\"https:\/\/acriv.org\/WP\/wp-content\/uploads\/2022\/04\/YANN.LACROIX-6-1024x768.jpg\" alt=\"\" class=\"wp-image-445\" srcset=\"https:\/\/acriv.org\/WP\/wp-content\/uploads\/2022\/04\/YANN.LACROIX-6-1024x768.jpg 1024w, https:\/\/acriv.org\/WP\/wp-content\/uploads\/2022\/04\/YANN.LACROIX-6-300x225.jpg 300w, https:\/\/acriv.org\/WP\/wp-content\/uploads\/2022\/04\/YANN.LACROIX-6-768x576.jpg 768w, https:\/\/acriv.org\/WP\/wp-content\/uploads\/2022\/04\/YANN.LACROIX-6-800x600.jpg 800w, https:\/\/acriv.org\/WP\/wp-content\/uploads\/2022\/04\/YANN.LACROIX-6-400x300.jpg 400w, https:\/\/acriv.org\/WP\/wp-content\/uploads\/2022\/04\/YANN.LACROIX-6.jpg 1118w\" sizes=\"auto, (max-width: 1024px) 100vw, 1024px\" \/><figcaption class=\"wp-element-caption\"><strong>VOL DE NUIT<\/strong><\/figcaption><\/figure>\n\n\n\n<figure class=\"wp-block-image size-large is-style-rounded\"><img loading=\"lazy\" decoding=\"async\" width=\"1024\" height=\"768\" data-id=\"1400\" src=\"https:\/\/acriv.org\/WP\/wp-content\/uploads\/2024\/01\/89cd4685-f0a4-45cc-bdab-709b40974727-1-1024x768.jpg\" alt=\"\" class=\"wp-image-1400\" srcset=\"https:\/\/acriv.org\/WP\/wp-content\/uploads\/2024\/01\/89cd4685-f0a4-45cc-bdab-709b40974727-1-1024x768.jpg 1024w, https:\/\/acriv.org\/WP\/wp-content\/uploads\/2024\/01\/89cd4685-f0a4-45cc-bdab-709b40974727-1-300x225.jpg 300w, https:\/\/acriv.org\/WP\/wp-content\/uploads\/2024\/01\/89cd4685-f0a4-45cc-bdab-709b40974727-1-768x576.jpg 768w, https:\/\/acriv.org\/WP\/wp-content\/uploads\/2024\/01\/89cd4685-f0a4-45cc-bdab-709b40974727-1-1536x1152.jpg 1536w, https:\/\/acriv.org\/WP\/wp-content\/uploads\/2024\/01\/89cd4685-f0a4-45cc-bdab-709b40974727-1-800x600.jpg 800w, https:\/\/acriv.org\/WP\/wp-content\/uploads\/2024\/01\/89cd4685-f0a4-45cc-bdab-709b40974727-1-400x300.jpg 400w, https:\/\/acriv.org\/WP\/wp-content\/uploads\/2024\/01\/89cd4685-f0a4-45cc-bdab-709b40974727-1-310x233.jpg 310w, https:\/\/acriv.org\/WP\/wp-content\/uploads\/2024\/01\/89cd4685-f0a4-45cc-bdab-709b40974727-1-140x105.jpg 140w, https:\/\/acriv.org\/WP\/wp-content\/uploads\/2024\/01\/89cd4685-f0a4-45cc-bdab-709b40974727-1.jpg 1600w\" sizes=\"auto, (max-width: 1024px) 100vw, 1024px\" \/><figcaption class=\"wp-element-caption\"><strong>VOLTIGE<\/strong><\/figcaption><\/figure>\n\n\n\n<figure class=\"wp-block-image size-large is-style-rounded\"><img loading=\"lazy\" decoding=\"async\" width=\"1024\" height=\"768\" data-id=\"438\" src=\"https:\/\/acriv.org\/WP\/wp-content\/uploads\/2022\/04\/IMG_E2805-1024x768.jpg\" alt=\"\" class=\"wp-image-438\" srcset=\"https:\/\/acriv.org\/WP\/wp-content\/uploads\/2022\/04\/IMG_E2805-1024x768.jpg 1024w, https:\/\/acriv.org\/WP\/wp-content\/uploads\/2022\/04\/IMG_E2805-300x225.jpg 300w, https:\/\/acriv.org\/WP\/wp-content\/uploads\/2022\/04\/IMG_E2805-768x576.jpg 768w, https:\/\/acriv.org\/WP\/wp-content\/uploads\/2022\/04\/IMG_E2805-1536x1152.jpg 1536w, https:\/\/acriv.org\/WP\/wp-content\/uploads\/2022\/04\/IMG_E2805-2048x1536.jpg 2048w, https:\/\/acriv.org\/WP\/wp-content\/uploads\/2022\/04\/IMG_E2805-800x600.jpg 800w, https:\/\/acriv.org\/WP\/wp-content\/uploads\/2022\/04\/IMG_E2805-400x300.jpg 400w\" sizes=\"auto, (max-width: 1024px) 100vw, 1024px\" \/><figcaption class=\"wp-element-caption\"><strong>VIEILLES MACHINES<\/strong><\/figcaption><\/figure>\n<\/figure>\n\n\n\n<p><strong>LA VOLTIGE A L&rsquo;ACRIV : CAP 10 F-GDTJ<\/strong><\/p>\n\n\n\n<figure class=\"wp-block-embed is-type-video is-provider-youtube wp-block-embed-youtube wp-embed-aspect-16-9 wp-has-aspect-ratio\"><div class=\"wp-block-embed__wrapper\">\n<iframe loading=\"lazy\" title=\"Cap 10 Tango Juliet Aero club Rennes Ille et Vilaine\" width=\"500\" height=\"281\" src=\"https:\/\/www.youtube.com\/embed\/GT0DHrKS5-s?feature=oembed\" frameborder=\"0\" allow=\"accelerometer; autoplay; clipboard-write; encrypted-media; gyroscope; picture-in-picture; web-share\" referrerpolicy=\"strict-origin-when-cross-origin\" allowfullscreen><\/iframe>\n<\/div><\/figure>\n\n\n\n<p><strong>LE VOL EN PATROUILLE<\/strong><\/p>\n\n\n\n<figure class=\"wp-block-embed is-type-video is-provider-youtube wp-block-embed-youtube wp-embed-aspect-16-9 wp-has-aspect-ratio\"><div class=\"wp-block-embed__wrapper\">\n<iframe loading=\"lazy\" title=\"Vol en Patrouille | DR400 | ACRIV\" width=\"500\" height=\"281\" src=\"https:\/\/www.youtube.com\/embed\/1BMK6EeeOtE?feature=oembed\" frameborder=\"0\" allow=\"accelerometer; autoplay; clipboard-write; encrypted-media; gyroscope; picture-in-picture; web-share\" referrerpolicy=\"strict-origin-when-cross-origin\" allowfullscreen><\/iframe>\n<\/div><\/figure>\n","protected":false},"excerpt":{"rendered":"<p>Voltige, Voyages, Vol sur avion de collection, Vol de nuit, Vol en patrouille, Vol aux instruments &#8230;, toutes ces sp\u00e9cialit\u00e9s sont enseign\u00e9es \u00e0 l&rsquo;ACRIV.. LA VOLTIGE A L&rsquo;ACRIV : CAP 10 F-GDTJ LE VOL EN PATROUILLE<\/p>\n","protected":false},"author":1,"featured_media":0,"parent":0,"menu_order":0,"comment_status":"closed","ping_status":"closed","template":"","meta":{"footnotes":""},"class_list":["post-430","page","type-page","status-publish","hentry"],"jetpack_sharing_enabled":true,"_links":{"self":[{"href":"https:\/\/acriv.org\/WP\/wp-json\/wp\/v2\/pages\/430","targetHints":{"allow":["GET"]}}],"collection":[{"href":"https:\/\/acriv.org\/WP\/wp-json\/wp\/v2\/pages"}],"about":[{"href":"https:\/\/acriv.org\/WP\/wp-json\/wp\/v2\/types\/page"}],"author":[{"embeddable":true,"href":"https:\/\/acriv.org\/WP\/wp-json\/wp\/v2\/users\/1"}],"replies":[{"embeddable":true,"href":"https:\/\/acriv.org\/WP\/wp-json\/wp\/v2\/comments?post=430"}],"version-history":[{"count":6,"href":"https:\/\/acriv.org\/WP\/wp-json\/wp\/v2\/pages\/430\/revisions"}],"predecessor-version":[{"id":1401,"href":"https:\/\/acriv.org\/WP\/wp-json\/wp\/v2\/pages\/430\/revisions\/1401"}],"wp:attachment":[{"href":"https:\/\/acriv.org\/WP\/wp-json\/wp\/v2\/media?parent=430"}],"curies":[{"name":"wp","href":"https:\/\/api.w.org\/{rel}","templated":true}]}}