{"id":451,"date":"2022-04-02T15:37:00","date_gmt":"2022-04-02T13:37:00","guid":{"rendered":"https:\/\/acriv.org\/WP\/?page_id=451"},"modified":"2025-08-25T10:40:21","modified_gmt":"2025-08-25T08:40:21","slug":"aides-bourses","status":"publish","type":"page","link":"https:\/\/acriv.org\/WP\/aides-bourses\/","title":{"rendered":"AIDES &#038; BOURSES"},"content":{"rendered":"\n<h2 class=\"wp-block-heading\"><strong>LES AIDES : <\/strong><\/h2>\n\n\n\n<h2 class=\"wp-block-heading\"><strong>LES BOURSES FEDERALES &amp; REGIONALES : <\/strong><\/h2>\n\n\n\n<p>Des bourses f\u00e9d\u00e9rales, qu\u2019elles soient nationales ou r\u00e9gionales, accompagnent les jeunes pilotes tout au long de leur formation. Attribu\u00e9es en fonction de la r\u00e9ussite des diff\u00e9rentes \u00e9tapes vers le brevet de pilote priv\u00e9, elles sont l\u00e0 pour encourager, soutenir et rendre plus accessible la passion du vol aux nouvelles g\u00e9n\u00e9rations. Les bourses, <em>pouvant  atteindre pr\u00e8s de 4500\u20ac<\/em>, sont destin\u00e9es aux pilotes en formation en envoyant la demande et les pi\u00e8ces justificatives \u00e0 <strong>bourse@acriv.org<\/strong> <strong><em>(attention l&rsquo;\u00e9v\u00e8nement doit dater de moins de 6 mois)<\/em><\/strong><\/p>\n\n\n\n<p class=\"has-text-align-center\"><\/p>\n\n\n\n<div data-wp-interactive=\"core\/file\" class=\"wp-block-file\"><object data-wp-bind--hidden=\"!state.hasPdfPreview\" hidden class=\"wp-block-file__embed\" data=\"https:\/\/acriv.org\/WP\/wp-content\/uploads\/2025\/04\/2025.BOURSES.pdf\" type=\"application\/pdf\" style=\"width:100%;height:600px\" aria-label=\"Contenu embarqu\u00e9 2025.BOURSES.\"><\/object><a id=\"wp-block-file--media-273875e3-1ed2-41a7-bdd5-8432452faf73\" href=\"https:\/\/acriv.org\/WP\/wp-content\/uploads\/2025\/04\/2025.BOURSES.pdf\">2025.BOURSES<\/a><a href=\"https:\/\/acriv.org\/WP\/wp-content\/uploads\/2025\/04\/2025.BOURSES.pdf\" class=\"wp-block-file__button wp-element-button\" download aria-describedby=\"wp-block-file--media-273875e3-1ed2-41a7-bdd5-8432452faf73\">T\u00e9l\u00e9charger<\/a><\/div>\n\n\n\n<p>L&rsquo;ACRIV accompagne le Comit\u00e9 D\u00e9partemental A\u00e9ronautique d&rsquo;Ille-et-Vilaine (CDA35), l&rsquo;instance de la F\u00e9d\u00e9ration Fran\u00e7aise A\u00e9ronautique au niveau d\u00e9partemental qui subventionne aux pilotes d&rsquo;Ille et Vilaine \u00e9ligibles un :<\/p>\n\n\n\n<ul class=\"wp-block-list\">\n<li><strong>Vol de mise en garde ( sortie de vrille sur CAP10 &#8211; Voltige)<\/strong><\/li>\n\n\n\n<li><strong>Vol sur Simulateur (entrainement aux situations inusuelles)<\/strong><\/li>\n\n\n\n<li><strong>Vol de d\u00e9couverte de l&rsquo;IFR<\/strong><\/li>\n<\/ul>\n\n\n\n<p>Contact pour planifier ces s\u00e9ances : Jean-Luc G. : <a rel=\"noreferrer noopener\" href=\"mailto:jeanlucgoyer-acriv@laposte.net\" target=\"_blank\"><strong>jeanlucgoyer-acriv@laposte.net<\/strong><\/a><\/p>\n\n\n\n<p><\/p>\n","protected":false},"excerpt":{"rendered":"<p>LES AIDES : LES BOURSES FEDERALES &amp; REGIONALES : Des bourses f\u00e9d\u00e9rales, qu\u2019elles soient nationales ou r\u00e9gionales, accompagnent les jeunes pilotes tout au long de leur formation. Attribu\u00e9es en fonction de la r\u00e9ussite des diff\u00e9rentes \u00e9tapes vers le brevet de pilote priv\u00e9, elles sont l\u00e0 pour encourager, soutenir et rendre plus accessible la passion du vol aux nouvelles g\u00e9n\u00e9rations. Les<\/p>\n<p><a class=\"more-link\" href=\"https:\/\/acriv.org\/WP\/aides-bourses\/\">Read More<\/a><\/p>\n","protected":false},"author":1,"featured_media":0,"parent":0,"menu_order":0,"comment_status":"closed","ping_status":"closed","template":"","meta":{"footnotes":""},"class_list":["post-451","page","type-page","status-publish","hentry"],"jetpack_sharing_enabled":true,"_links":{"self":[{"href":"https:\/\/acriv.org\/WP\/wp-json\/wp\/v2\/pages\/451","targetHints":{"allow":["GET"]}}],"collection":[{"href":"https:\/\/acriv.org\/WP\/wp-json\/wp\/v2\/pages"}],"about":[{"href":"https:\/\/acriv.org\/WP\/wp-json\/wp\/v2\/types\/page"}],"author":[{"embeddable":true,"href":"https:\/\/acriv.org\/WP\/wp-json\/wp\/v2\/users\/1"}],"replies":[{"embeddable":true,"href":"https:\/\/acriv.org\/WP\/wp-json\/wp\/v2\/comments?post=451"}],"version-history":[{"count":36,"href":"https:\/\/acriv.org\/WP\/wp-json\/wp\/v2\/pages\/451\/revisions"}],"predecessor-version":[{"id":2244,"href":"https:\/\/acriv.org\/WP\/wp-json\/wp\/v2\/pages\/451\/revisions\/2244"}],"wp:attachment":[{"href":"https:\/\/acriv.org\/WP\/wp-json\/wp\/v2\/media?parent=451"}],"curies":[{"name":"wp","href":"https:\/\/api.w.org\/{rel}","templated":true}]}}