{"id":855,"date":"2022-10-02T18:53:26","date_gmt":"2022-10-02T16:53:26","guid":{"rendered":"https:\/\/acriv.org\/WP\/?page_id=855"},"modified":"2022-10-02T18:58:45","modified_gmt":"2022-10-02T16:58:45","slug":"passeport-initiation","status":"publish","type":"page","link":"https:\/\/acriv.org\/WP\/passeport-initiation\/","title":{"rendered":"PASSEPORT INITIATION"},"content":{"rendered":"\n<h2 class=\"wp-block-heading\">A vous les commandes&nbsp;!<\/h2>\n\n\n\n<p><strong><em>Vous avez toujours r\u00eav\u00e9 de piloter un avion, et voulez faire un premier essai ?<\/em><\/strong><\/p>\n\n\n\n<p>Gr\u00e2ce au&nbsp;<strong>Passeport Initiation au pilotage&nbsp;<\/strong>de la F\u00e9d\u00e9ration Fran\u00e7aise A\u00e9ronautique, osez prendre de la hauteur&nbsp;!<\/p>\n\n\n\n<p>Dans notre a\u00e9roclubs affili\u00e9s et partenaires du programme, vous pourrez prendre les commandes d\u2019un avion de tourisme avec un instructeur dipl\u00f4m\u00e9. Briefing th\u00e9orique, visite pr\u00e9vol, d\u00e9collage et contr\u00f4le de la trajectoire, vous serez plong\u00e9 dans l\u2019univers d\u2019un \u00e9l\u00e8ve pilote&nbsp;!<\/p>\n\n\n\n<p><\/p>\n\n\n\n<p>Deux choix s\u2019offrent \u00e0 vous&nbsp;:<\/p>\n\n\n\n<h3 class=\"wp-block-heading\"><strong>Le Passeport \u201cPr\u00eat au d\u00e9collage\u201d<\/strong><\/h3>\n\n\n\n<ul class=\"wp-block-list\"><li>Une initiation au pilotage d\u20191h30 maximum avec un instructeur<\/li><li>1 manuel de formation initiale<\/li><li>1 licence f\u00e9d\u00e9rale \u00ab Initiation au pilotage \u00bb<\/li><li>2 num\u00e9ros d\u2019info Pilote, le magazine d\u2019information de la F\u00e9d\u00e9ration Fran\u00e7aise a\u00e9ronautique<\/li><li>Des outils num\u00e9riques associ\u00e9s<\/li><\/ul>\n\n\n\n<h3 class=\"wp-block-heading\"><strong>Le Passeport \u201cMont\u00e9e initiale\u201d<\/strong><\/h3>\n\n\n\n<ul class=\"wp-block-list\"><li>Une initiation au pilotage de 3h maximum avec un instructeur<\/li><li>1 manuel de formation initiale<\/li><li>1 licence f\u00e9d\u00e9rale \u00ab Initiation au pilotage \u00bb<\/li><li>2 num\u00e9ros d\u2019info Pilote, le magazine d\u2019information de la F\u00e9d\u00e9ration Fran\u00e7aise a\u00e9ronautique<\/li><li>Des outils num\u00e9riques associ\u00e9s<\/li><\/ul>\n\n\n\n<p><\/p>\n\n\n\n<h2 class=\"has-text-align-center has-vivid-cyan-blue-color has-text-color wp-block-heading\">Renseignements <strong>au 02 99 31 91 81<\/strong> ou <strong>acriv<\/strong>@wanadoo.fr<\/h2>\n\n\n\n<p class=\"has-text-align-center has-vivid-cyan-blue-color has-text-color\">Programme de la F\u00e9d\u00e9ration Fran\u00e7aise A\u00e9ronautique : <strong><a href=\"https:\/\/enviedepiloter.fr\/\" target=\"_blank\" rel=\"noreferrer noopener\">ICI<\/a><\/strong><\/p>\n","protected":false},"excerpt":{"rendered":"<p>A vous les commandes&nbsp;! Vous avez toujours r\u00eav\u00e9 de piloter un avion, et voulez faire un premier essai ? Gr\u00e2ce au&nbsp;Passeport Initiation au pilotage&nbsp;de la F\u00e9d\u00e9ration Fran\u00e7aise A\u00e9ronautique, osez prendre de la hauteur&nbsp;! Dans notre a\u00e9roclubs affili\u00e9s et partenaires du programme, vous pourrez prendre les commandes d\u2019un avion de tourisme avec un instructeur dipl\u00f4m\u00e9. Briefing th\u00e9orique, visite pr\u00e9vol, d\u00e9collage et<\/p>\n<p><a class=\"more-link\" href=\"https:\/\/acriv.org\/WP\/passeport-initiation\/\">Read More<\/a><\/p>\n","protected":false},"author":1,"featured_media":0,"parent":0,"menu_order":0,"comment_status":"closed","ping_status":"closed","template":"","meta":{"footnotes":""},"class_list":["post-855","page","type-page","status-publish","hentry"],"jetpack_sharing_enabled":true,"_links":{"self":[{"href":"https:\/\/acriv.org\/WP\/wp-json\/wp\/v2\/pages\/855","targetHints":{"allow":["GET"]}}],"collection":[{"href":"https:\/\/acriv.org\/WP\/wp-json\/wp\/v2\/pages"}],"about":[{"href":"https:\/\/acriv.org\/WP\/wp-json\/wp\/v2\/types\/page"}],"author":[{"embeddable":true,"href":"https:\/\/acriv.org\/WP\/wp-json\/wp\/v2\/users\/1"}],"replies":[{"embeddable":true,"href":"https:\/\/acriv.org\/WP\/wp-json\/wp\/v2\/comments?post=855"}],"version-history":[{"count":5,"href":"https:\/\/acriv.org\/WP\/wp-json\/wp\/v2\/pages\/855\/revisions"}],"predecessor-version":[{"id":861,"href":"https:\/\/acriv.org\/WP\/wp-json\/wp\/v2\/pages\/855\/revisions\/861"}],"wp:attachment":[{"href":"https:\/\/acriv.org\/WP\/wp-json\/wp\/v2\/media?parent=855"}],"curies":[{"name":"wp","href":"https:\/\/api.w.org\/{rel}","templated":true}]}}