{"id":91,"date":"2022-03-30T22:09:30","date_gmt":"2022-03-30T20:09:30","guid":{"rendered":"http:\/\/acriv.org\/WP\/?page_id=91"},"modified":"2026-04-27T00:49:59","modified_gmt":"2026-04-26T22:49:59","slug":"test","status":"publish","type":"page","link":"https:\/\/acriv.org\/WP\/","title":{"rendered":"A\u00e9roclub de Rennes Ille et Vilaine"},"content":{"rendered":"\n<h1 class=\"wp-block-heading has-text-align-center has-large-font-size\"><strong>A\u00e9roclub de Rennes Ille et Vilaine<\/strong><\/h1>\n\n\n\n<figure class=\"wp-block-image size-large\"><img loading=\"lazy\" decoding=\"async\" width=\"1024\" height=\"512\" src=\"https:\/\/acriv.org\/WP\/wp-content\/uploads\/2026\/04\/image-2-1024x512.png\" alt=\"\" class=\"wp-image-2883\" srcset=\"https:\/\/acriv.org\/WP\/wp-content\/uploads\/2026\/04\/image-2-1024x512.png 1024w, https:\/\/acriv.org\/WP\/wp-content\/uploads\/2026\/04\/image-2-300x150.png 300w, https:\/\/acriv.org\/WP\/wp-content\/uploads\/2026\/04\/image-2-768x384.png 768w, https:\/\/acriv.org\/WP\/wp-content\/uploads\/2026\/04\/image-2-1536x768.png 1536w, https:\/\/acriv.org\/WP\/wp-content\/uploads\/2026\/04\/image-2-800x400.png 800w, https:\/\/acriv.org\/WP\/wp-content\/uploads\/2026\/04\/image-2-600x300.png 600w, https:\/\/acriv.org\/WP\/wp-content\/uploads\/2026\/04\/image-2-310x155.png 310w, https:\/\/acriv.org\/WP\/wp-content\/uploads\/2026\/04\/image-2-150x75.png 150w, https:\/\/acriv.org\/WP\/wp-content\/uploads\/2026\/04\/image-2.png 1774w\" sizes=\"auto, (max-width: 1024px) 100vw, 1024px\" \/><\/figure>\n\n\n\n<h3 class=\"wp-block-heading has-text-align-center has-text-color\" style=\"color:#5e5e5e\"><strong>\u00c0 l\u2019ACRIV, convivialit\u00e9 et passion se conjuguent avec une formation de haut niveau, une flotte moderne et adapt\u00e9e aux enjeux soci\u00e9taux, une \u00e9quipe p\u00e9dagogique d\u2019excellence et des infrastructures pens\u00e9es pour votre r\u00e9ussite en vol. <\/strong><\/h3>\n\n\n\n<hr class=\"wp-block-separator has-alpha-channel-opacity\"\/>\n\n\n<div class=\"wp-block-image is-style-default\">\n<figure class=\"aligncenter size-full is-resized\"><img loading=\"lazy\" decoding=\"async\" width=\"980\" height=\"700\" src=\"https:\/\/acriv.org\/WP\/wp-content\/uploads\/2026\/01\/GEMINI-PASSION-2.jpg\" alt=\"\" class=\"wp-image-2729\" style=\"aspect-ratio:1.400817086300949;width:823px;height:auto\" srcset=\"https:\/\/acriv.org\/WP\/wp-content\/uploads\/2026\/01\/GEMINI-PASSION-2.jpg 980w, https:\/\/acriv.org\/WP\/wp-content\/uploads\/2026\/01\/GEMINI-PASSION-2-300x214.jpg 300w, https:\/\/acriv.org\/WP\/wp-content\/uploads\/2026\/01\/GEMINI-PASSION-2-768x549.jpg 768w, https:\/\/acriv.org\/WP\/wp-content\/uploads\/2026\/01\/GEMINI-PASSION-2-800x571.jpg 800w, https:\/\/acriv.org\/WP\/wp-content\/uploads\/2026\/01\/GEMINI-PASSION-2-420x300.jpg 420w, https:\/\/acriv.org\/WP\/wp-content\/uploads\/2026\/01\/GEMINI-PASSION-2-310x221.jpg 310w, https:\/\/acriv.org\/WP\/wp-content\/uploads\/2026\/01\/GEMINI-PASSION-2-147x105.jpg 147w\" sizes=\"auto, (max-width: 980px) 100vw, 980px\" \/><\/figure>\n<\/div>\n\n\n<h1 class=\"wp-block-heading has-text-align-center has-large-font-size\"><strong>\u00ab&nbsp;voler et faire voler&nbsp;\u00bb<\/strong><\/h1>\n\n\n\n<p class=\"has-text-align-center has-text-color has-link-color wp-elements-0f2b63208efd09de73f6ab1f0f2b45fd\" style=\"color:#5e5e5e\">est la devise de l&rsquo;ACRIV (loi 1901), dot\u00e9 d\u2019une flotte de 9 appareils allant de l\u2019\u00e9cole \u00e0 la voltige en passant par le voyage et le vol en avion de collection l\u2019ACRIV organise chaque ann\u00e9e plus de 3500 heures de vol r\u00e9partis entre les pilotes brevet\u00e9s et les pilotes en formations encadr\u00e9s par une quinzaine d\u2019instructeurs.<\/p>\n\n\n\n<p class=\"has-text-align-center has-text-color has-link-color wp-elements-0e17ffe3031de3d4f3ef5e09b33144cb\" style=\"color:#5e5e5e\">Que ce soit pour un <a href=\"https:\/\/acriv.org\/WP\/offrez-vous-un-vol\/\" data-type=\"link\" data-id=\"https:\/\/acriv.org\/WP\/offrez-vous-un-vol\/\">v<strong>ol d&rsquo;initiation<\/strong> <\/a>ou un <strong><a href=\"https:\/\/acriv.org\/WP\/offrez-vous-un-vol\/\" data-type=\"link\" data-id=\"https:\/\/acriv.org\/WP\/offrez-vous-un-vol\/\">bapt\u00eame de l&rsquo;air<\/a><\/strong>, un BIA, une formation de pilote, du vol de nuit, de la voltige, une qualification aux instruments ou encore  le lancement d\u2019une carri\u00e8re a\u00e9ronautique civile ou militaire, l\u2019ACRIV est votre centre de formation certifi\u00e9 ATO.<\/p>\n\n\n\n<figure class=\"wp-block-gallery has-nested-images columns-default is-cropped wp-block-gallery-1 is-layout-flex wp-block-gallery-is-layout-flex\">\n<figure class=\"wp-block-image size-large is-style-rounded\"><img loading=\"lazy\" decoding=\"async\" width=\"1024\" height=\"667\" data-id=\"921\" src=\"https:\/\/acriv.org\/WP\/wp-content\/uploads\/2022\/12\/B23Tableau-1024x667.jpg\" alt=\"\" class=\"wp-image-921\" srcset=\"https:\/\/acriv.org\/WP\/wp-content\/uploads\/2022\/12\/B23Tableau-1024x667.jpg 1024w, https:\/\/acriv.org\/WP\/wp-content\/uploads\/2022\/12\/B23Tableau-300x195.jpg 300w, https:\/\/acriv.org\/WP\/wp-content\/uploads\/2022\/12\/B23Tableau-768x500.jpg 768w, https:\/\/acriv.org\/WP\/wp-content\/uploads\/2022\/12\/B23Tableau-1536x1000.jpg 1536w, https:\/\/acriv.org\/WP\/wp-content\/uploads\/2022\/12\/B23Tableau-800x521.jpg 800w, https:\/\/acriv.org\/WP\/wp-content\/uploads\/2022\/12\/B23Tableau.jpg 1617w\" sizes=\"auto, (max-width: 1024px) 100vw, 1024px\" \/><figcaption class=\"wp-element-caption\">Des \u00e9quipements modernes<\/figcaption><\/figure>\n\n\n\n<figure class=\"wp-block-image size-large is-style-rounded\"><img loading=\"lazy\" decoding=\"async\" width=\"1024\" height=\"683\" data-id=\"335\" src=\"https:\/\/acriv.org\/WP\/wp-content\/uploads\/2022\/03\/IMG_7695-1024x683.jpg\" alt=\"\" class=\"wp-image-335\" srcset=\"https:\/\/acriv.org\/WP\/wp-content\/uploads\/2022\/03\/IMG_7695-1024x683.jpg 1024w, https:\/\/acriv.org\/WP\/wp-content\/uploads\/2022\/03\/IMG_7695-300x200.jpg 300w, https:\/\/acriv.org\/WP\/wp-content\/uploads\/2022\/03\/IMG_7695-768x512.jpg 768w, https:\/\/acriv.org\/WP\/wp-content\/uploads\/2022\/03\/IMG_7695-1536x1024.jpg 1536w, https:\/\/acriv.org\/WP\/wp-content\/uploads\/2022\/03\/IMG_7695-2048x1365.jpg 2048w, https:\/\/acriv.org\/WP\/wp-content\/uploads\/2022\/03\/IMG_7695-800x533.jpg 800w\" sizes=\"auto, (max-width: 1024px) 100vw, 1024px\" \/><figcaption class=\"wp-element-caption\">Le plaisir de voler<\/figcaption><\/figure>\n\n\n\n<figure class=\"wp-block-image size-large is-style-rounded\"><img loading=\"lazy\" decoding=\"async\" width=\"1024\" height=\"768\" data-id=\"1395\" src=\"https:\/\/acriv.org\/WP\/wp-content\/uploads\/2024\/01\/IMG_0101-1024x768.jpg\" alt=\"\" class=\"wp-image-1395\" srcset=\"https:\/\/acriv.org\/WP\/wp-content\/uploads\/2024\/01\/IMG_0101-1024x768.jpg 1024w, https:\/\/acriv.org\/WP\/wp-content\/uploads\/2024\/01\/IMG_0101-300x225.jpg 300w, https:\/\/acriv.org\/WP\/wp-content\/uploads\/2024\/01\/IMG_0101-768x576.jpg 768w, https:\/\/acriv.org\/WP\/wp-content\/uploads\/2024\/01\/IMG_0101-1536x1152.jpg 1536w, https:\/\/acriv.org\/WP\/wp-content\/uploads\/2024\/01\/IMG_0101-2048x1536.jpg 2048w, https:\/\/acriv.org\/WP\/wp-content\/uploads\/2024\/01\/IMG_0101-800x600.jpg 800w, https:\/\/acriv.org\/WP\/wp-content\/uploads\/2024\/01\/IMG_0101-400x300.jpg 400w, https:\/\/acriv.org\/WP\/wp-content\/uploads\/2024\/01\/IMG_0101-310x233.jpg 310w, https:\/\/acriv.org\/WP\/wp-content\/uploads\/2024\/01\/IMG_0101-140x105.jpg 140w\" sizes=\"auto, (max-width: 1024px) 100vw, 1024px\" \/><figcaption class=\"wp-element-caption\">Des instructeurs disponibles<\/figcaption><\/figure>\n\n\n\n<figure class=\"wp-block-image size-large is-style-rounded\"><img loading=\"lazy\" decoding=\"async\" width=\"1024\" height=\"576\" data-id=\"1394\" src=\"https:\/\/acriv.org\/WP\/wp-content\/uploads\/2024\/01\/B23-ACRIV-1-1-1024x576.jpg\" alt=\"\" class=\"wp-image-1394\" srcset=\"https:\/\/acriv.org\/WP\/wp-content\/uploads\/2024\/01\/B23-ACRIV-1-1-1024x576.jpg 1024w, https:\/\/acriv.org\/WP\/wp-content\/uploads\/2024\/01\/B23-ACRIV-1-1-300x169.jpg 300w, https:\/\/acriv.org\/WP\/wp-content\/uploads\/2024\/01\/B23-ACRIV-1-1-768x432.jpg 768w, https:\/\/acriv.org\/WP\/wp-content\/uploads\/2024\/01\/B23-ACRIV-1-1-1536x865.jpg 1536w, https:\/\/acriv.org\/WP\/wp-content\/uploads\/2024\/01\/B23-ACRIV-1-1-800x450.jpg 800w, https:\/\/acriv.org\/WP\/wp-content\/uploads\/2024\/01\/B23-ACRIV-1-1-533x300.jpg 533w, https:\/\/acriv.org\/WP\/wp-content\/uploads\/2024\/01\/B23-ACRIV-1-1-310x174.jpg 310w, https:\/\/acriv.org\/WP\/wp-content\/uploads\/2024\/01\/B23-ACRIV-1-1-150x84.jpg 150w, https:\/\/acriv.org\/WP\/wp-content\/uploads\/2024\/01\/B23-ACRIV-1-1.jpg 1599w\" sizes=\"auto, (max-width: 1024px) 100vw, 1024px\" \/><figcaption class=\"wp-element-caption\">Des avions derni\u00e8re g\u00e9n\u00e9ration<\/figcaption><\/figure>\n\n\n\n<figure class=\"wp-block-image size-large is-style-rounded\"><img loading=\"lazy\" decoding=\"async\" width=\"1024\" height=\"768\" data-id=\"1397\" src=\"https:\/\/acriv.org\/WP\/wp-content\/uploads\/2024\/01\/IMG_0414-1024x768.jpg\" alt=\"\" class=\"wp-image-1397\" srcset=\"https:\/\/acriv.org\/WP\/wp-content\/uploads\/2024\/01\/IMG_0414-1024x768.jpg 1024w, https:\/\/acriv.org\/WP\/wp-content\/uploads\/2024\/01\/IMG_0414-300x225.jpg 300w, https:\/\/acriv.org\/WP\/wp-content\/uploads\/2024\/01\/IMG_0414-768x576.jpg 768w, https:\/\/acriv.org\/WP\/wp-content\/uploads\/2024\/01\/IMG_0414-1536x1152.jpg 1536w, https:\/\/acriv.org\/WP\/wp-content\/uploads\/2024\/01\/IMG_0414-800x600.jpg 800w, https:\/\/acriv.org\/WP\/wp-content\/uploads\/2024\/01\/IMG_0414-400x300.jpg 400w, https:\/\/acriv.org\/WP\/wp-content\/uploads\/2024\/01\/IMG_0414-310x233.jpg 310w, https:\/\/acriv.org\/WP\/wp-content\/uploads\/2024\/01\/IMG_0414-140x105.jpg 140w, https:\/\/acriv.org\/WP\/wp-content\/uploads\/2024\/01\/IMG_0414.jpg 1809w\" sizes=\"auto, (max-width: 1024px) 100vw, 1024px\" \/><figcaption class=\"wp-element-caption\">Une plateforme \u00e9quip\u00e9e H24<\/figcaption><\/figure>\n\n\n\n<figure class=\"wp-block-image size-large is-style-rounded\"><img loading=\"lazy\" decoding=\"async\" width=\"2560\" height=\"1707\" data-id=\"30\" src=\"https:\/\/acriv.org\/WP\/wp-content\/uploads\/2022\/03\/SEEY9505-scaled.jpg\" alt=\"\" class=\"wp-image-30\" srcset=\"https:\/\/acriv.org\/WP\/wp-content\/uploads\/2022\/03\/SEEY9505-scaled.jpg 2560w, https:\/\/acriv.org\/WP\/wp-content\/uploads\/2022\/03\/SEEY9505-300x200.jpg 300w, https:\/\/acriv.org\/WP\/wp-content\/uploads\/2022\/03\/SEEY9505-1024x683.jpg 1024w, https:\/\/acriv.org\/WP\/wp-content\/uploads\/2022\/03\/SEEY9505-768x512.jpg 768w, https:\/\/acriv.org\/WP\/wp-content\/uploads\/2022\/03\/SEEY9505-1536x1024.jpg 1536w, https:\/\/acriv.org\/WP\/wp-content\/uploads\/2022\/03\/SEEY9505-2048x1365.jpg 2048w, https:\/\/acriv.org\/WP\/wp-content\/uploads\/2022\/03\/SEEY9505-1568x1045.jpg 1568w\" sizes=\"auto, (max-width: 2560px) 100vw, 2560px\" \/><figcaption class=\"wp-element-caption\">L&rsquo;esprit A\u00e9ro Club<\/figcaption><\/figure>\n<\/figure>\n\n\n\n<p><\/p>\n","protected":false},"excerpt":{"rendered":"<p>A\u00e9roclub de Rennes Ille et Vilaine \u00c0 l\u2019ACRIV, convivialit\u00e9 et passion se conjuguent avec une formation de haut niveau, une flotte moderne et adapt\u00e9e aux enjeux soci\u00e9taux, une \u00e9quipe p\u00e9dagogique d\u2019excellence et des infrastructures pens\u00e9es pour votre r\u00e9ussite en vol. \u00ab&nbsp;voler et faire voler&nbsp;\u00bb est la devise de l&rsquo;ACRIV (loi 1901), dot\u00e9 d\u2019une flotte de 9 appareils allant de l\u2019\u00e9cole<\/p>\n<p><a class=\"more-link\" href=\"https:\/\/acriv.org\/WP\/\">Read More<\/a><\/p>\n","protected":false},"author":1,"featured_media":0,"parent":0,"menu_order":0,"comment_status":"closed","ping_status":"closed","template":"","meta":{"footnotes":""},"class_list":["post-91","page","type-page","status-publish","hentry"],"jetpack_sharing_enabled":true,"_links":{"self":[{"href":"https:\/\/acriv.org\/WP\/wp-json\/wp\/v2\/pages\/91","targetHints":{"allow":["GET"]}}],"collection":[{"href":"https:\/\/acriv.org\/WP\/wp-json\/wp\/v2\/pages"}],"about":[{"href":"https:\/\/acriv.org\/WP\/wp-json\/wp\/v2\/types\/page"}],"author":[{"embeddable":true,"href":"https:\/\/acriv.org\/WP\/wp-json\/wp\/v2\/users\/1"}],"replies":[{"embeddable":true,"href":"https:\/\/acriv.org\/WP\/wp-json\/wp\/v2\/comments?post=91"}],"version-history":[{"count":43,"href":"https:\/\/acriv.org\/WP\/wp-json\/wp\/v2\/pages\/91\/revisions"}],"predecessor-version":[{"id":2884,"href":"https:\/\/acriv.org\/WP\/wp-json\/wp\/v2\/pages\/91\/revisions\/2884"}],"wp:attachment":[{"href":"https:\/\/acriv.org\/WP\/wp-json\/wp\/v2\/media?parent=91"}],"curies":[{"name":"wp","href":"https:\/\/api.w.org\/{rel}","templated":true}]}}