{"id":98,"date":"2022-03-30T22:34:30","date_gmt":"2022-03-30T20:34:30","guid":{"rendered":"http:\/\/acriv.org\/WP\/?page_id=98"},"modified":"2026-02-16T19:40:34","modified_gmt":"2026-02-16T18:40:34","slug":"offrez-vous-un-vol","status":"publish","type":"page","link":"https:\/\/acriv.org\/WP\/offrez-vous-un-vol\/","title":{"rendered":"OFFREZ VOUS UN VOL"},"content":{"rendered":"\n<h3 class=\"wp-block-heading has-text-align-center has-vivid-cyan-blue-color has-text-color has-medium-font-size\">\u2708 <strong>Se faire plaisir ou offrir un cadeau inoubliable<\/strong> \u2708<\/h3>\n\n\n\n<p class=\"has-text-align-left\">Le bapt\u00eame de l&rsquo;air ou vol de d\u00e9couverte est un moment&nbsp;&nbsp;inoubliable, occasion de&nbsp;d\u00e9couvrir&nbsp;les sensations que procure le vol \u00e0 bord d&rsquo;un avion&nbsp;et d&rsquo;admirer la terre&nbsp;depuis le ciel.<\/p>\n\n\n\n<p class=\"has-text-align-left\">Si vous souhaitez prendre les commandes de l&rsquo;appareil, il est \u00e9galement possible d&rsquo;opter pour un vol d&rsquo;initiation durant lequel vous piloterez\u00a0l&rsquo;avion, encadr\u00e9 par un instructeur exp\u00e9riment\u00e9.<\/p>\n\n\n\n<p class=\"has-text-align-center\"><strong>Une question, un renseignement, nous sommes \u00e0 votre \u00e9coute au 02.99.31.91.81<\/strong><\/p>\n\n\n\n<p>.<\/p>\n\n\n\n<h1 class=\"wp-block-heading has-text-align-center has-vivid-cyan-blue-color has-text-color has-medium-font-size\"><strong>\u2708\u2708\u2708\u2708\u2708\u2708 BAPTEME &#8211; VOL INITIATION \u2708\u2708\u2708\u2708\u2708\u2708<\/strong><\/h1>\n\n\n\n<figure class=\"wp-block-table has-medium-font-size\"><table class=\"has-black-color has-text-color has-background has-link-color has-fixed-layout\" style=\"background-color:#bee6ff\"><tbody><tr><td class=\"has-text-align-center\" data-align=\"center\">V<strong><strong>ol d\u00e9couverte <\/strong>AVION<\/strong><\/td><td class=\"has-text-align-center\" data-align=\"center\"><strong>1 \u00e0 3 personnes : 250 \u20ac<\/strong><\/td><td><strong>La d\u00e9couverte en famille ou entre amis ou tout simplement se faire plaisir 30 min dans les airs<\/strong><\/td><\/tr><tr><td class=\"has-text-align-center\" data-align=\"center\"><strong>Vol d\u00e9couverte VOLTIGE<\/strong><\/td><td class=\"has-text-align-center\" data-align=\"center\"><strong>1 personne : 300 \u20ac<\/strong><\/td><td><strong>A la verticale, la t\u00eate en bas, d\u00e9couvrez pendant 20min. les sensations d&rsquo;un pilote de voltige aux c\u00f4t\u00e9s d&rsquo;un instructeurs<\/strong><\/td><\/tr><tr><td class=\"has-text-align-center\" data-align=\"center\"><strong>Vol d&rsquo;initiation AVION<\/strong><\/td><td class=\"has-text-align-center\" data-align=\"center\"><strong>1 personne : 255 \u20ac<\/strong><\/td><td><strong>Aux commandes avec un instructeurs, d\u00e9couvrez le pilotage d&rsquo;un avion. Apr\u00e8s 30 min de briefing, vous effectuerez votre premi\u00e8re le\u00e7on de pilotage aux commandes.<\/strong><\/td><\/tr><\/tbody><\/table><\/figure>\n\n\n\n<p class=\"has-text-align-center has-small-font-size\"><strong><em>J&rsquo;ach\u00e8te en ligne ou au club mon Bapt\u00eame \/ Vol d&rsquo;Initiation pour moi ou \u00e0 offrir (validit\u00e9 : 6 mois) <\/em>et re\u00e7ois avec la confirmation l&rsquo;ensemble des instructions pour planifier le vol<\/strong> (<strong>vols r\u00e9alis\u00e9s du lundi au vendredi<\/strong>)<\/p>\n\n\n<div class=\"wp-block-image\">\n<figure class=\"aligncenter size-full is-resized\"><a href=\"https:\/\/firstflight.aerogest.fr\/Structure\/Display\/pzaaamaa\" target=\"_blank\" rel=\"noreferrer noopener\"><img loading=\"lazy\" decoding=\"async\" width=\"388\" height=\"90\" src=\"https:\/\/acriv.org\/WP\/wp-content\/uploads\/2023\/02\/image-3.jpeg\" alt=\"\" class=\"wp-image-1128\" style=\"width:278px;height:auto\" srcset=\"https:\/\/acriv.org\/WP\/wp-content\/uploads\/2023\/02\/image-3.jpeg 388w, https:\/\/acriv.org\/WP\/wp-content\/uploads\/2023\/02\/image-3-300x70.jpeg 300w, https:\/\/acriv.org\/WP\/wp-content\/uploads\/2023\/02\/image-3-310x72.jpeg 310w, https:\/\/acriv.org\/WP\/wp-content\/uploads\/2023\/02\/image-3-150x35.jpeg 150w\" sizes=\"auto, (max-width: 388px) 100vw, 388px\" \/><\/a><\/figure>\n<\/div>\n\n\n<p class=\"has-text-align-center\">.<\/p>\n\n\n\n<figure class=\"wp-block-gallery has-nested-images columns-default is-cropped wp-block-gallery-1 is-layout-flex wp-block-gallery-is-layout-flex\">\n<figure class=\"wp-block-image size-large is-style-rounded\"><img loading=\"lazy\" decoding=\"async\" width=\"2016\" height=\"1512\" data-id=\"75\" src=\"https:\/\/acriv.org\/WP\/wp-content\/uploads\/2022\/03\/IMG_1209.jpg\" alt=\"\" class=\"wp-image-75\" srcset=\"https:\/\/acriv.org\/WP\/wp-content\/uploads\/2022\/03\/IMG_1209.jpg 2016w, https:\/\/acriv.org\/WP\/wp-content\/uploads\/2022\/03\/IMG_1209-300x225.jpg 300w, https:\/\/acriv.org\/WP\/wp-content\/uploads\/2022\/03\/IMG_1209-1024x768.jpg 1024w, https:\/\/acriv.org\/WP\/wp-content\/uploads\/2022\/03\/IMG_1209-768x576.jpg 768w, https:\/\/acriv.org\/WP\/wp-content\/uploads\/2022\/03\/IMG_1209-1536x1152.jpg 1536w, https:\/\/acriv.org\/WP\/wp-content\/uploads\/2022\/03\/IMG_1209-800x600.jpg 800w, https:\/\/acriv.org\/WP\/wp-content\/uploads\/2022\/03\/IMG_1209-400x300.jpg 400w\" sizes=\"auto, (max-width: 2016px) 100vw, 2016px\" \/><\/figure>\n\n\n\n<figure class=\"wp-block-image size-large is-style-rounded\"><img loading=\"lazy\" decoding=\"async\" width=\"1024\" height=\"576\" data-id=\"1392\" src=\"https:\/\/acriv.org\/WP\/wp-content\/uploads\/2024\/01\/B23-ACRIV-1-1024x576.jpg\" alt=\"\" class=\"wp-image-1392\" srcset=\"https:\/\/acriv.org\/WP\/wp-content\/uploads\/2024\/01\/B23-ACRIV-1-1024x576.jpg 1024w, https:\/\/acriv.org\/WP\/wp-content\/uploads\/2024\/01\/B23-ACRIV-1-300x169.jpg 300w, https:\/\/acriv.org\/WP\/wp-content\/uploads\/2024\/01\/B23-ACRIV-1-768x432.jpg 768w, https:\/\/acriv.org\/WP\/wp-content\/uploads\/2024\/01\/B23-ACRIV-1-1536x865.jpg 1536w, https:\/\/acriv.org\/WP\/wp-content\/uploads\/2024\/01\/B23-ACRIV-1-800x450.jpg 800w, https:\/\/acriv.org\/WP\/wp-content\/uploads\/2024\/01\/B23-ACRIV-1-533x300.jpg 533w, https:\/\/acriv.org\/WP\/wp-content\/uploads\/2024\/01\/B23-ACRIV-1-310x174.jpg 310w, https:\/\/acriv.org\/WP\/wp-content\/uploads\/2024\/01\/B23-ACRIV-1-150x84.jpg 150w, https:\/\/acriv.org\/WP\/wp-content\/uploads\/2024\/01\/B23-ACRIV-1.jpg 1599w\" sizes=\"auto, (max-width: 1024px) 100vw, 1024px\" \/><\/figure>\n\n\n\n<figure class=\"wp-block-image size-full is-style-rounded\"><img loading=\"lazy\" decoding=\"async\" width=\"2016\" height=\"1512\" data-id=\"1391\" src=\"https:\/\/acriv.org\/WP\/wp-content\/uploads\/2024\/01\/IMG_0419.jpg\" alt=\"\" class=\"wp-image-1391\" srcset=\"https:\/\/acriv.org\/WP\/wp-content\/uploads\/2024\/01\/IMG_0419.jpg 2016w, https:\/\/acriv.org\/WP\/wp-content\/uploads\/2024\/01\/IMG_0419-300x225.jpg 300w, https:\/\/acriv.org\/WP\/wp-content\/uploads\/2024\/01\/IMG_0419-1024x768.jpg 1024w, https:\/\/acriv.org\/WP\/wp-content\/uploads\/2024\/01\/IMG_0419-768x576.jpg 768w, https:\/\/acriv.org\/WP\/wp-content\/uploads\/2024\/01\/IMG_0419-1536x1152.jpg 1536w, https:\/\/acriv.org\/WP\/wp-content\/uploads\/2024\/01\/IMG_0419-800x600.jpg 800w, https:\/\/acriv.org\/WP\/wp-content\/uploads\/2024\/01\/IMG_0419-400x300.jpg 400w, https:\/\/acriv.org\/WP\/wp-content\/uploads\/2024\/01\/IMG_0419-310x233.jpg 310w, https:\/\/acriv.org\/WP\/wp-content\/uploads\/2024\/01\/IMG_0419-140x105.jpg 140w\" sizes=\"auto, (max-width: 2016px) 100vw, 2016px\" \/><\/figure>\n<\/figure>\n\n\n\n<p class=\"has-small-font-size\"><\/p>\n","protected":false},"excerpt":{"rendered":"<p>\u2708 Se faire plaisir ou offrir un cadeau inoubliable \u2708 Le bapt\u00eame de l&rsquo;air ou vol de d\u00e9couverte est un moment&nbsp;&nbsp;inoubliable, occasion de&nbsp;d\u00e9couvrir&nbsp;les sensations que procure le vol \u00e0 bord d&rsquo;un avion&nbsp;et d&rsquo;admirer la terre&nbsp;depuis le ciel. Si vous souhaitez prendre les commandes de l&rsquo;appareil, il est \u00e9galement possible d&rsquo;opter pour un vol d&rsquo;initiation durant lequel vous piloterez\u00a0l&rsquo;avion, encadr\u00e9 par<\/p>\n<p><a class=\"more-link\" href=\"https:\/\/acriv.org\/WP\/offrez-vous-un-vol\/\">Read More<\/a><\/p>\n","protected":false},"author":1,"featured_media":0,"parent":0,"menu_order":0,"comment_status":"closed","ping_status":"closed","template":"","meta":{"footnotes":""},"class_list":["post-98","page","type-page","status-publish","hentry"],"jetpack_sharing_enabled":true,"_links":{"self":[{"href":"https:\/\/acriv.org\/WP\/wp-json\/wp\/v2\/pages\/98","targetHints":{"allow":["GET"]}}],"collection":[{"href":"https:\/\/acriv.org\/WP\/wp-json\/wp\/v2\/pages"}],"about":[{"href":"https:\/\/acriv.org\/WP\/wp-json\/wp\/v2\/types\/page"}],"author":[{"embeddable":true,"href":"https:\/\/acriv.org\/WP\/wp-json\/wp\/v2\/users\/1"}],"replies":[{"embeddable":true,"href":"https:\/\/acriv.org\/WP\/wp-json\/wp\/v2\/comments?post=98"}],"version-history":[{"count":151,"href":"https:\/\/acriv.org\/WP\/wp-json\/wp\/v2\/pages\/98\/revisions"}],"predecessor-version":[{"id":2782,"href":"https:\/\/acriv.org\/WP\/wp-json\/wp\/v2\/pages\/98\/revisions\/2782"}],"wp:attachment":[{"href":"https:\/\/acriv.org\/WP\/wp-json\/wp\/v2\/media?parent=98"}],"curies":[{"name":"wp","href":"https:\/\/api.w.org\/{rel}","templated":true}]}}